{"id":1870,"date":"2024-05-09T07:02:21","date_gmt":"2024-05-09T07:02:21","guid":{"rendered":"https:\/\/www.hollen.sk\/elerhetosegek\/hollen-s-r-o-nagyszombati-fioktelep\/"},"modified":"2024-11-05T12:19:03","modified_gmt":"2024-11-05T12:19:03","slug":"hollen-s-r-o-nagyszombati-fioktelep","status":"publish","type":"page","link":"https:\/\/www.hollen.sk\/hu\/elerhetosegek\/hollen-s-r-o-nagyszombati-fioktelep\/","title":{"rendered":"HOLLEN s.r.o Nagyszombati fi\u00f3ktelep"},"content":{"rendered":"<div id=\"pl-1870\"  class=\"panel-layout\" ><div id=\"pg-1870-0\"  class=\"panel-grid panel-has-style\" ><div class=\"contact-info panel-row-style panel-row-style-for-1870-0\" ><div id=\"pgc-1870-0-0\"  class=\"panel-grid-cell\" ><div id=\"panel-1870-0-0-0\" class=\"so-panel widget widget_sow-editor panel-first-child panel-last-child\" data-index=\"0\" ><div\n\t\t\t\n\t\t\tclass=\"so-widget-sow-editor so-widget-sow-editor-base\"\n\t\t\t\n\t\t>\n<div class=\"siteorigin-widget-tinymce textwidget\">\n\t<p style=\"margin-bottom: 5px;\">Hotline:<\/p>\n<h5 style=\"margin-top: 0px;\"><a href=\"tel:%20+421%20908%20754%20305\">+421 908 754 305<\/a><\/h5>\n<\/div>\n<\/div><\/div><\/div><div id=\"pgc-1870-0-1\"  class=\"panel-grid-cell\" ><div id=\"panel-1870-0-1-0\" class=\"so-panel widget widget_sow-editor panel-first-child panel-last-child\" data-index=\"1\" ><div\n\t\t\t\n\t\t\tclass=\"so-widget-sow-editor so-widget-sow-editor-base\"\n\t\t\t\n\t\t>\n<div class=\"siteorigin-widget-tinymce textwidget\">\n\t<p style=\"margin-bottom: 5px;\">Telefon:<\/p>\n<h5 style=\"margin-top: 0px;\"><a href=\"tel:+421%20908%20717%20427\">+421 908 717 427<\/a><\/h5>\n<\/div>\n<\/div><\/div><\/div><div id=\"pgc-1870-0-2\"  class=\"panel-grid-cell\" ><div id=\"panel-1870-0-2-0\" class=\"so-panel widget widget_sow-editor panel-first-child panel-last-child\" data-index=\"2\" ><div\n\t\t\t\n\t\t\tclass=\"so-widget-sow-editor so-widget-sow-editor-base\"\n\t\t\t\n\t\t>\n<div class=\"siteorigin-widget-tinymce textwidget\">\n\t<p style=\"margin-bottom: 5px;\">Email:<\/p>\n<h5 style=\"margin-top: 0px;\"><a href=\"mailto:trnava@hollen.sk\"><a href=\"mailto:trnava@hollen.sk\">trnava@hollen.sk<\/a><\/a><\/h5>\n<\/div>\n<\/div><\/div><\/div><\/div><\/div><div id=\"pg-1870-1\"  class=\"panel-grid panel-no-style\" ><div id=\"pgc-1870-1-0\"  class=\"panel-grid-cell\" ><div id=\"panel-1870-1-0-0\" class=\"so-panel widget widget_sow-editor panel-first-child panel-last-child\" data-index=\"3\" ><div\n\t\t\t\n\t\t\tclass=\"so-widget-sow-editor so-widget-sow-editor-base\"\n\t\t\t\n\t\t>\n<div class=\"siteorigin-widget-tinymce textwidget\">\n\t<p><span class=\"hr-area\"><\/span><\/p>\n<\/div>\n<\/div><\/div><\/div><\/div><div id=\"pg-1870-2\"  class=\"panel-grid panel-has-style\" ><div class=\"contact-info panel-row-style panel-row-style-for-1870-2\" ><div id=\"pgc-1870-2-0\"  class=\"panel-grid-cell\" ><div id=\"panel-1870-2-0-0\" class=\"so-panel widget widget_sow-editor panel-first-child panel-last-child\" data-index=\"4\" ><div\n\t\t\t\n\t\t\tclass=\"so-widget-sow-editor so-widget-sow-editor-base\"\n\t\t\t\n\t\t>\n<div class=\"siteorigin-widget-tinymce textwidget\">\n\t<h6 style=\"color: #074499;\">Fi\u00f3ktelep igazgat\u00f3ja<\/h6>\n<p>Mgr. Dana Haviernikov\u00e1<br \/>\nMob.: <a href=\"\">+421 908 754 305<\/a><br \/>\nEmail:  <a href=\"mailto:%20dana.haviernikova@hollen.sk\">dana.haviernikova@hollen.sk<\/a><\/p>\n<p><span style=\"color: #074499;\">Adminisztr\u00e1tor<\/span> <\/p>\n<p>Ing. Alena Urgo\u0161\u00edkov\u00e1<br \/>\nTel.: <a href=\"tel:+421%2033%20550%201484\">+421 33 550 1484<\/a><br \/>\nMob.: <a href=\"tel:+421%20917%20114%20386\">+421 917 114 386<\/a><br \/>\nFax: <a href=\"fax:+421%2033%20550%201484\">+421 33 550 1484<\/a><br \/>\nEmail:    <a href=\"mailto:alena.urgosikova@hollen.sk\"><\/a><a href=\"mailto:alena.urgosikova@hollen.sk\">alena.urgosikova@hollen.sk<\/a><\/p>\n<\/div>\n<\/div><\/div><\/div><div id=\"pgc-1870-2-1\"  class=\"panel-grid-cell\" ><div id=\"panel-1870-2-1-0\" class=\"so-panel widget widget_sow-editor panel-first-child panel-last-child\" data-index=\"5\" ><div\n\t\t\t\n\t\t\tclass=\"so-widget-sow-editor so-widget-sow-editor-base\"\n\t\t\t\n\t\t>\n<div class=\"siteorigin-widget-tinymce textwidget\">\n\t<h6 style=\"color: #074499;\">Megrendel\u00e9sek<\/h6>\n<p><span style=\"color: #074499;\">F\u0151 technikus <\/span> <\/p>\n<p>Peter Kapit\u00e1n<br \/>\nMob.: <a href=\"tel:+421%20905%20740%20326%20\">+421 905 740 326 <\/a><br \/>\nEmail: <a href=\"mailto:peter.kapitan@hollen.sk\">peter.kapitan@hollen.sk <\/a><\/p>\n<p><span style=\"color: #074499;\">Senior technikus<\/span> <\/p>\n<p>Mgr. Tom\u00e1\u0161 Benda<br \/>\nMob.: <a href=\"tel:+421%20905%20445%20460\">+421 905 740 326 <\/a><a href=\"mailto:tomas.benda@hollen.sk%20\">tomas.benda@hollen.sk <\/a>   <\/p>\n<\/div>\n<\/div><\/div><\/div><div id=\"pgc-1870-2-2\"  class=\"panel-grid-cell\" ><div id=\"panel-1870-2-2-0\" class=\"so-panel widget widget_sow-editor panel-first-child panel-last-child\" data-index=\"6\" ><div\n\t\t\t\n\t\t\tclass=\"so-widget-sow-editor so-widget-sow-editor-base\"\n\t\t\t\n\t\t>\n<div class=\"siteorigin-widget-tinymce textwidget\">\n\t<h6 style=\"color: #074499;\">Min\u0151s\u00e9gbiztos\u00edt\u00e1s<\/h6>\n<p><span style=\"color: #074499;\">Min\u0151s\u00e9gbiztos\u00edt\u00e1si manager<\/span><\/p>\n<p>Ing. Mgr. Ter\u00e9zia Branick\u00e1<br \/>\nMob.: <a href=\"tel:+421%20908%20717%20427%20\">+421 908 717 427 <\/a><br \/>\nEmail: <a href=\"mailto:terezia.branicka@hollen.sk%20\">terezia.branicka@hollen.sk <\/a>  <\/p>\n<\/div>\n<\/div><\/div><\/div><\/div><\/div><div id=\"pg-1870-3\"  class=\"panel-grid panel-no-style\" ><div id=\"pgc-1870-3-0\"  class=\"panel-grid-cell\" ><div id=\"panel-1870-3-0-0\" class=\"so-panel widget widget_sow-editor panel-first-child panel-last-child\" data-index=\"7\" ><div\n\t\t\t\n\t\t\tclass=\"so-widget-sow-editor so-widget-sow-editor-base\"\n\t\t\t\n\t\t>\n<div class=\"siteorigin-widget-tinymce textwidget\">\n\t<div style=\"width: 100%\"><iframe loading=\"lazy\" width=\"100%\" height=\"400\" frameborder=\"0\" scrolling=\"no\" marginheight=\"0\" marginwidth=\"0\" src=\"https:\/\/maps.google.com\/maps?width=100%25&amp;height=400&amp;hl=en&amp;q=Hollen%20s.r.o.,Stavebn%C3%A1%202,%20917%2001%20Trnava,%20Slovensk%C3%A1%20republika+()&amp;t=&amp;z=14&amp;ie=UTF8&amp;iwloc=B&amp;output=embed\"><\/iframe><\/div>\n<\/div>\n<\/div><\/div><\/div><\/div><\/div>","protected":false},"excerpt":{"rendered":"<p>Hotline: +421 908 754 305 Telefon: +421 908 717 427 Email: trnava@hollen.sk<\/p>\n","protected":false},"author":3,"featured_media":1871,"parent":1821,"menu_order":0,"comment_status":"closed","ping_status":"closed","template":"","meta":{"_acf_changed":false,"footnotes":""},"class_list":["post-1870","page","type-page","status-publish","has-post-thumbnail","hentry"],"acf":[],"yoast_head":"<!-- This site is optimized with the Yoast SEO plugin v25.1 - https:\/\/yoast.com\/wordpress\/plugins\/seo\/ -->\n<title>HOLLEN s.r.o Nagyszombati fi\u00f3ktelep - Hollen<\/title>\n<meta name=\"robots\" content=\"index, follow, max-snippet:-1, max-image-preview:large, max-video-preview:-1\" \/>\n<link rel=\"canonical\" href=\"https:\/\/www.hollen.sk\/hu\/elerhetosegek\/hollen-s-r-o-nagyszombati-fioktelep\/\" \/>\n<meta property=\"og:locale\" content=\"hu_HU\" \/>\n<meta property=\"og:type\" content=\"article\" \/>\n<meta property=\"og:title\" content=\"HOLLEN s.r.o Nagyszombati fi\u00f3ktelep - Hollen\" \/>\n<meta property=\"og:description\" content=\"Hotline: +421 908 754 305 Telefon: +421 908 717 427 Email: trnava@hollen.sk\" \/>\n<meta property=\"og:url\" content=\"https:\/\/www.hollen.sk\/hu\/elerhetosegek\/hollen-s-r-o-nagyszombati-fioktelep\/\" \/>\n<meta property=\"og:site_name\" content=\"Hollen\" \/>\n<meta property=\"article:modified_time\" content=\"2024-11-05T12:19:03+00:00\" \/>\n<meta property=\"og:image\" content=\"https:\/\/www.hollen.sk\/wp-content\/uploads\/2024\/05\/hollen_trnava_pobocka.jpg\" \/>\n\t<meta property=\"og:image:width\" content=\"330\" \/>\n\t<meta property=\"og:image:height\" content=\"261\" \/>\n\t<meta property=\"og:image:type\" content=\"image\/jpeg\" \/>\n<meta name=\"twitter:card\" content=\"summary_large_image\" \/>\n<meta name=\"twitter:label1\" content=\"Becs\u00fclt olvas\u00e1si id\u0151\" \/>\n\t<meta name=\"twitter:data1\" content=\"1 perc\" \/>\n<script type=\"application\/ld+json\" class=\"yoast-schema-graph\">{\"@context\":\"https:\/\/schema.org\",\"@graph\":[{\"@type\":\"WebPage\",\"@id\":\"https:\/\/www.hollen.sk\/hu\/elerhetosegek\/hollen-s-r-o-nagyszombati-fioktelep\/\",\"url\":\"https:\/\/www.hollen.sk\/hu\/elerhetosegek\/hollen-s-r-o-nagyszombati-fioktelep\/\",\"name\":\"HOLLEN s.r.o Nagyszombati fi\u00f3ktelep - Hollen\",\"isPartOf\":{\"@id\":\"https:\/\/www.hollen.sk\/hu\/#website\"},\"primaryImageOfPage\":{\"@id\":\"https:\/\/www.hollen.sk\/hu\/elerhetosegek\/hollen-s-r-o-nagyszombati-fioktelep\/#primaryimage\"},\"image\":{\"@id\":\"https:\/\/www.hollen.sk\/hu\/elerhetosegek\/hollen-s-r-o-nagyszombati-fioktelep\/#primaryimage\"},\"thumbnailUrl\":\"https:\/\/www.hollen.sk\/wp-content\/uploads\/2024\/05\/hollen_trnava_pobocka.jpg\",\"datePublished\":\"2024-05-09T07:02:21+00:00\",\"dateModified\":\"2024-11-05T12:19:03+00:00\",\"breadcrumb\":{\"@id\":\"https:\/\/www.hollen.sk\/hu\/elerhetosegek\/hollen-s-r-o-nagyszombati-fioktelep\/#breadcrumb\"},\"inLanguage\":\"hu\",\"potentialAction\":[{\"@type\":\"ReadAction\",\"target\":[\"https:\/\/www.hollen.sk\/hu\/elerhetosegek\/hollen-s-r-o-nagyszombati-fioktelep\/\"]}]},{\"@type\":\"ImageObject\",\"inLanguage\":\"hu\",\"@id\":\"https:\/\/www.hollen.sk\/hu\/elerhetosegek\/hollen-s-r-o-nagyszombati-fioktelep\/#primaryimage\",\"url\":\"https:\/\/www.hollen.sk\/wp-content\/uploads\/2024\/05\/hollen_trnava_pobocka.jpg\",\"contentUrl\":\"https:\/\/www.hollen.sk\/wp-content\/uploads\/2024\/05\/hollen_trnava_pobocka.jpg\",\"width\":330,\"height\":261},{\"@type\":\"BreadcrumbList\",\"@id\":\"https:\/\/www.hollen.sk\/hu\/elerhetosegek\/hollen-s-r-o-nagyszombati-fioktelep\/#breadcrumb\",\"itemListElement\":[{\"@type\":\"ListItem\",\"position\":1,\"name\":\"Domovsk\u00e1 str\u00e1nka\",\"item\":\"https:\/\/www.hollen.sk\/hu\/\"},{\"@type\":\"ListItem\",\"position\":2,\"name\":\"El\u00e9rhet\u0151s\u00e9gek\",\"item\":\"https:\/\/www.hollen.sk\/hu\/elerhetosegek\/\"},{\"@type\":\"ListItem\",\"position\":3,\"name\":\"HOLLEN s.r.o Nagyszombati fi\u00f3ktelep\"}]},{\"@type\":\"WebSite\",\"@id\":\"https:\/\/www.hollen.sk\/hu\/#website\",\"url\":\"https:\/\/www.hollen.sk\/hu\/\",\"name\":\"Hollen\",\"description\":\"\",\"potentialAction\":[{\"@type\":\"SearchAction\",\"target\":{\"@type\":\"EntryPoint\",\"urlTemplate\":\"https:\/\/www.hollen.sk\/hu\/?s={search_term_string}\"},\"query-input\":{\"@type\":\"PropertyValueSpecification\",\"valueRequired\":true,\"valueName\":\"search_term_string\"}}],\"inLanguage\":\"hu\"}]}<\/script>\n<!-- \/ Yoast SEO plugin. -->","yoast_head_json":{"title":"HOLLEN s.r.o Nagyszombati fi\u00f3ktelep - Hollen","robots":{"index":"index","follow":"follow","max-snippet":"max-snippet:-1","max-image-preview":"max-image-preview:large","max-video-preview":"max-video-preview:-1"},"canonical":"https:\/\/www.hollen.sk\/hu\/elerhetosegek\/hollen-s-r-o-nagyszombati-fioktelep\/","og_locale":"hu_HU","og_type":"article","og_title":"HOLLEN s.r.o Nagyszombati fi\u00f3ktelep - Hollen","og_description":"Hotline: +421 908 754 305 Telefon: +421 908 717 427 Email: trnava@hollen.sk","og_url":"https:\/\/www.hollen.sk\/hu\/elerhetosegek\/hollen-s-r-o-nagyszombati-fioktelep\/","og_site_name":"Hollen","article_modified_time":"2024-11-05T12:19:03+00:00","og_image":[{"width":330,"height":261,"url":"https:\/\/www.hollen.sk\/wp-content\/uploads\/2024\/05\/hollen_trnava_pobocka.jpg","type":"image\/jpeg"}],"twitter_card":"summary_large_image","twitter_misc":{"Becs\u00fclt olvas\u00e1si id\u0151":"1 perc"},"schema":{"@context":"https:\/\/schema.org","@graph":[{"@type":"WebPage","@id":"https:\/\/www.hollen.sk\/hu\/elerhetosegek\/hollen-s-r-o-nagyszombati-fioktelep\/","url":"https:\/\/www.hollen.sk\/hu\/elerhetosegek\/hollen-s-r-o-nagyszombati-fioktelep\/","name":"HOLLEN s.r.o Nagyszombati fi\u00f3ktelep - Hollen","isPartOf":{"@id":"https:\/\/www.hollen.sk\/hu\/#website"},"primaryImageOfPage":{"@id":"https:\/\/www.hollen.sk\/hu\/elerhetosegek\/hollen-s-r-o-nagyszombati-fioktelep\/#primaryimage"},"image":{"@id":"https:\/\/www.hollen.sk\/hu\/elerhetosegek\/hollen-s-r-o-nagyszombati-fioktelep\/#primaryimage"},"thumbnailUrl":"https:\/\/www.hollen.sk\/wp-content\/uploads\/2024\/05\/hollen_trnava_pobocka.jpg","datePublished":"2024-05-09T07:02:21+00:00","dateModified":"2024-11-05T12:19:03+00:00","breadcrumb":{"@id":"https:\/\/www.hollen.sk\/hu\/elerhetosegek\/hollen-s-r-o-nagyszombati-fioktelep\/#breadcrumb"},"inLanguage":"hu","potentialAction":[{"@type":"ReadAction","target":["https:\/\/www.hollen.sk\/hu\/elerhetosegek\/hollen-s-r-o-nagyszombati-fioktelep\/"]}]},{"@type":"ImageObject","inLanguage":"hu","@id":"https:\/\/www.hollen.sk\/hu\/elerhetosegek\/hollen-s-r-o-nagyszombati-fioktelep\/#primaryimage","url":"https:\/\/www.hollen.sk\/wp-content\/uploads\/2024\/05\/hollen_trnava_pobocka.jpg","contentUrl":"https:\/\/www.hollen.sk\/wp-content\/uploads\/2024\/05\/hollen_trnava_pobocka.jpg","width":330,"height":261},{"@type":"BreadcrumbList","@id":"https:\/\/www.hollen.sk\/hu\/elerhetosegek\/hollen-s-r-o-nagyszombati-fioktelep\/#breadcrumb","itemListElement":[{"@type":"ListItem","position":1,"name":"Domovsk\u00e1 str\u00e1nka","item":"https:\/\/www.hollen.sk\/hu\/"},{"@type":"ListItem","position":2,"name":"El\u00e9rhet\u0151s\u00e9gek","item":"https:\/\/www.hollen.sk\/hu\/elerhetosegek\/"},{"@type":"ListItem","position":3,"name":"HOLLEN s.r.o Nagyszombati fi\u00f3ktelep"}]},{"@type":"WebSite","@id":"https:\/\/www.hollen.sk\/hu\/#website","url":"https:\/\/www.hollen.sk\/hu\/","name":"Hollen","description":"","potentialAction":[{"@type":"SearchAction","target":{"@type":"EntryPoint","urlTemplate":"https:\/\/www.hollen.sk\/hu\/?s={search_term_string}"},"query-input":{"@type":"PropertyValueSpecification","valueRequired":true,"valueName":"search_term_string"}}],"inLanguage":"hu"}]}},"_links":{"self":[{"href":"https:\/\/www.hollen.sk\/hu\/wp-json\/wp\/v2\/pages\/1870","targetHints":{"allow":["GET"]}}],"collection":[{"href":"https:\/\/www.hollen.sk\/hu\/wp-json\/wp\/v2\/pages"}],"about":[{"href":"https:\/\/www.hollen.sk\/hu\/wp-json\/wp\/v2\/types\/page"}],"author":[{"embeddable":true,"href":"https:\/\/www.hollen.sk\/hu\/wp-json\/wp\/v2\/users\/3"}],"replies":[{"embeddable":true,"href":"https:\/\/www.hollen.sk\/hu\/wp-json\/wp\/v2\/comments?post=1870"}],"version-history":[{"count":4,"href":"https:\/\/www.hollen.sk\/hu\/wp-json\/wp\/v2\/pages\/1870\/revisions"}],"predecessor-version":[{"id":3252,"href":"https:\/\/www.hollen.sk\/hu\/wp-json\/wp\/v2\/pages\/1870\/revisions\/3252"}],"up":[{"embeddable":true,"href":"https:\/\/www.hollen.sk\/hu\/wp-json\/wp\/v2\/pages\/1821"}],"wp:featuredmedia":[{"embeddable":true,"href":"https:\/\/www.hollen.sk\/hu\/wp-json\/wp\/v2\/media\/1871"}],"wp:attachment":[{"href":"https:\/\/www.hollen.sk\/hu\/wp-json\/wp\/v2\/media?parent=1870"}],"curies":[{"name":"wp","href":"https:\/\/api.w.org\/{rel}","templated":true}]}}