{"id":1853,"date":"2024-05-09T08:59:48","date_gmt":"2024-05-09T08:59:48","guid":{"rendered":"https:\/\/www.hollen.sk\/elerhetosegek\/hollen-cz-s-r-o-kvasiny-fioktelep\/"},"modified":"2024-11-05T08:49:44","modified_gmt":"2024-11-05T08:49:44","slug":"hollen-cz-s-r-o-kvasiny-fioktelep","status":"publish","type":"page","link":"https:\/\/www.hollen.sk\/hu\/elerhetosegek\/hollen-cz-s-r-o-kvasiny-fioktelep\/","title":{"rendered":"HOLLEN CZ s.r.o., Kvasiny fi\u00f3ktelep"},"content":{"rendered":"<div id=\"pl-1853\"  class=\"panel-layout\" ><div id=\"pg-1853-0\"  class=\"panel-grid panel-has-style\" ><div class=\"contact-info panel-row-style panel-row-style-for-1853-0\" ><div id=\"pgc-1853-0-0\"  class=\"panel-grid-cell\" ><div id=\"panel-1853-0-0-0\" class=\"so-panel widget widget_sow-editor panel-first-child panel-last-child\" data-index=\"0\" ><div\n\t\t\t\n\t\t\tclass=\"so-widget-sow-editor so-widget-sow-editor-base\"\n\t\t\t\n\t\t>\n<div class=\"siteorigin-widget-tinymce textwidget\">\n\t<p style=\"margin-bottom: 5px;\">Hotline:<\/p>\n<h5 style=\"margin-top: 0px;\"><a href=\"tel:+420%20730%20516%20485\">+420 730 516 485<\/a><\/h5>\n<\/div>\n<\/div><\/div><\/div><div id=\"pgc-1853-0-1\"  class=\"panel-grid-cell\" ><div id=\"panel-1853-0-1-0\" class=\"so-panel widget widget_sow-editor panel-first-child panel-last-child\" data-index=\"1\" ><div\n\t\t\t\n\t\t\tclass=\"so-widget-sow-editor so-widget-sow-editor-base\"\n\t\t\t\n\t\t>\n<div class=\"siteorigin-widget-tinymce textwidget\">\n\t<p style=\"margin-bottom: 5px;\">Telefon:<\/p>\n<h5 style=\"margin-top: 0px;\"><a href=\"tel:+420%20731%20153%20430\">+420 731 153 430  <\/a><\/h5>\n<\/div>\n<\/div><\/div><\/div><div id=\"pgc-1853-0-2\"  class=\"panel-grid-cell\" ><div id=\"panel-1853-0-2-0\" class=\"so-panel widget widget_sow-editor panel-first-child panel-last-child\" data-index=\"2\" ><div\n\t\t\t\n\t\t\tclass=\"so-widget-sow-editor so-widget-sow-editor-base\"\n\t\t\t\n\t\t>\n<div class=\"siteorigin-widget-tinymce textwidget\">\n\t<p style=\"margin-bottom: 5px;\">Email:<\/p>\n<h5 style=\"margin-top: 0px;\"><a href=\"mailto:lukas.hubeny@hollen.cz\"><a href=\"mailto:lukas.hubeny@hollen.cz\">lukas.hubeny@hollen.cz<\/a><\/a><\/h5>\n<\/div>\n<\/div><\/div><\/div><\/div><\/div><div id=\"pg-1853-1\"  class=\"panel-grid panel-no-style\" ><div id=\"pgc-1853-1-0\"  class=\"panel-grid-cell\" ><div id=\"panel-1853-1-0-0\" class=\"so-panel widget widget_sow-editor panel-first-child panel-last-child\" data-index=\"3\" ><div\n\t\t\t\n\t\t\tclass=\"so-widget-sow-editor so-widget-sow-editor-base\"\n\t\t\t\n\t\t>\n<div class=\"siteorigin-widget-tinymce textwidget\">\n\t<p><span class=\"hr-area\"><\/span><\/p>\n<\/div>\n<\/div><\/div><\/div><\/div><div id=\"pg-1853-2\"  class=\"panel-grid panel-has-style\" ><div class=\"contact-info panel-row-style panel-row-style-for-1853-2\" ><div id=\"pgc-1853-2-0\"  class=\"panel-grid-cell\" ><div id=\"panel-1853-2-0-0\" class=\"so-panel widget widget_sow-editor panel-first-child panel-last-child\" data-index=\"4\" ><div\n\t\t\t\n\t\t\tclass=\"so-widget-sow-editor so-widget-sow-editor-base\"\n\t\t\t\n\t\t>\n<div class=\"siteorigin-widget-tinymce textwidget\">\n\t<h6><span style=\"color: #074499;\">Fi\u00f3ktelep igazgat\u00f3ja<\/span><\/h6>\n<p>Ing. Jan Nejedl\u00fd<br \/>\nMob.: <a href=\"tel:+420%20737%20071%20728%20\">+420 737 071 728 <\/a><br \/>\nEmail: <a href=\"mailto:jan.nejedly@hollen.cz%20\">jan.nejedly@hollen.cz <\/a><\/p>\n<p><span style=\"color: #074499;\">Adminisztr\u00e1tor <\/span><\/p>\n<p>Mgr. Andrea Sch\u00f6psov\u00e1<br \/>\nMob.: <a href=\"tel:+420%20731%20153%20430%20\">+420 731 153 430 <\/a><br \/>\nEmail:    <a href=\"mailto:andrea.schopsova@hollen.cz%20\">andrea.schopsova@hollen.cz <\/a><\/p>\n<\/div>\n<\/div><\/div><\/div><div id=\"pgc-1853-2-1\"  class=\"panel-grid-cell\" ><div id=\"panel-1853-2-1-0\" class=\"so-panel widget widget_sow-editor panel-first-child panel-last-child\" data-index=\"5\" ><div\n\t\t\t\n\t\t\tclass=\"so-widget-sow-editor so-widget-sow-editor-base\"\n\t\t\t\n\t\t>\n<div class=\"siteorigin-widget-tinymce textwidget\">\n\t<h6><span style=\"color: #074499;\">Megrendel\u00e9sek<\/span><\/h6>\n<p><span style=\"color: #074499;\">F\u0151 technikus <\/span><\/p>\n<p>Lukas Hubeny<br \/>\nMob.: <a href=\"tel:+420%20730%20516%20485\">+420 730 516 485<\/a><br \/>\nEmail:  <a href=\"mailto:lukas.hubeny@hollen.cz%20\">lukas.hubeny@hollen.cz <\/a><\/p>\n<\/div>\n<\/div><\/div><\/div><div id=\"pgc-1853-2-2\"  class=\"panel-grid-cell\" ><div id=\"panel-1853-2-2-0\" class=\"so-panel widget widget_sow-editor panel-first-child panel-last-child\" data-index=\"6\" ><div\n\t\t\t\n\t\t\tclass=\"so-widget-sow-editor so-widget-sow-editor-base\"\n\t\t\t\n\t\t>\n<div class=\"siteorigin-widget-tinymce textwidget\">\n\t<h6><span style=\"color: #074499;\">Min\u0151s\u00e9gbiztos\u00edt\u00e1s<\/span><\/h6>\n<p><span style=\"color: #074499;\">Bels\u0151 auditor <\/span> <\/p>\n<p>Sandra Kr\u00e1lov\u00e1<br \/>\nMob.: <a href=\"tel:+420%20736%20451%20127\">+420 736 451 127<\/a><br \/>\nEmail:  <a href=\"mailto:sandra.kralova@hollen.cz%20\">sandra.kralova@hollen.cz <\/a><\/p>\n<\/div>\n<\/div><\/div><\/div><\/div><\/div><div id=\"pg-1853-3\"  class=\"panel-grid panel-no-style\" ><div id=\"pgc-1853-3-0\"  class=\"panel-grid-cell\" ><div id=\"panel-1853-3-0-0\" class=\"so-panel widget widget_sow-editor panel-first-child panel-last-child\" data-index=\"7\" ><div\n\t\t\t\n\t\t\tclass=\"so-widget-sow-editor so-widget-sow-editor-base\"\n\t\t\t\n\t\t>\n<div class=\"siteorigin-widget-tinymce textwidget\">\n\t<div style=\"width: 100%\"><iframe loading=\"lazy\" width=\"100%\" height=\"400\" frameborder=\"0\" scrolling=\"no\" marginheight=\"0\" marginwidth=\"0\" src=\"https:\/\/maps.google.com\/maps?width=100%25&amp;height=400&amp;hl=en&amp;q=Hollen%20CZ%20s.r.o.,%20Lipovka%20164,%20516%2001%20Rychnov%20nad%20Kn%C4%9B%C5%BEnou,%20%C4%8Cesk%C3%A1%20republika%20+()&amp;t=&amp;z=14&amp;ie=UTF8&amp;iwloc=B&amp;output=embed\"><\/iframe><\/div>\n<\/div>\n<\/div><\/div><\/div><\/div><\/div>","protected":false},"excerpt":{"rendered":"<p>Hotline: +420 730 516 485 Telefon: +420 731 153 430 Email: lukas.hubeny@hollen.cz<\/p>\n","protected":false},"author":3,"featured_media":1854,"parent":1821,"menu_order":0,"comment_status":"closed","ping_status":"closed","template":"","meta":{"_acf_changed":false,"footnotes":""},"class_list":["post-1853","page","type-page","status-publish","has-post-thumbnail","hentry"],"acf":[],"yoast_head":"<!-- This site is optimized with the Yoast SEO plugin v25.1 - https:\/\/yoast.com\/wordpress\/plugins\/seo\/ -->\n<title>HOLLEN CZ s.r.o., Kvasiny fi\u00f3ktelep - Hollen<\/title>\n<meta name=\"robots\" content=\"index, follow, max-snippet:-1, max-image-preview:large, max-video-preview:-1\" \/>\n<link rel=\"canonical\" href=\"https:\/\/www.hollen.sk\/hu\/elerhetosegek\/hollen-cz-s-r-o-kvasiny-fioktelep\/\" \/>\n<meta property=\"og:locale\" content=\"hu_HU\" \/>\n<meta property=\"og:type\" content=\"article\" \/>\n<meta property=\"og:title\" content=\"HOLLEN CZ s.r.o., Kvasiny fi\u00f3ktelep - Hollen\" \/>\n<meta property=\"og:description\" content=\"Hotline: +420 730 516 485 Telefon: +420 731 153 430 Email: lukas.hubeny@hollen.cz\" \/>\n<meta property=\"og:url\" content=\"https:\/\/www.hollen.sk\/hu\/elerhetosegek\/hollen-cz-s-r-o-kvasiny-fioktelep\/\" \/>\n<meta property=\"og:site_name\" content=\"Hollen\" \/>\n<meta property=\"article:modified_time\" content=\"2024-11-05T08:49:44+00:00\" \/>\n<meta property=\"og:image\" content=\"https:\/\/www.hollen.sk\/wp-content\/uploads\/2021\/09\/hollen-kvasiny.jpg\" \/>\n\t<meta property=\"og:image:width\" content=\"330\" \/>\n\t<meta property=\"og:image:height\" content=\"248\" \/>\n\t<meta property=\"og:image:type\" content=\"image\/jpeg\" \/>\n<meta name=\"twitter:card\" content=\"summary_large_image\" \/>\n<meta name=\"twitter:label1\" content=\"Becs\u00fclt olvas\u00e1si id\u0151\" \/>\n\t<meta name=\"twitter:data1\" content=\"1 perc\" \/>\n<script type=\"application\/ld+json\" class=\"yoast-schema-graph\">{\"@context\":\"https:\/\/schema.org\",\"@graph\":[{\"@type\":\"WebPage\",\"@id\":\"https:\/\/www.hollen.sk\/hu\/elerhetosegek\/hollen-cz-s-r-o-kvasiny-fioktelep\/\",\"url\":\"https:\/\/www.hollen.sk\/hu\/elerhetosegek\/hollen-cz-s-r-o-kvasiny-fioktelep\/\",\"name\":\"HOLLEN CZ s.r.o., Kvasiny fi\u00f3ktelep - Hollen\",\"isPartOf\":{\"@id\":\"https:\/\/www.hollen.sk\/hu\/#website\"},\"primaryImageOfPage\":{\"@id\":\"https:\/\/www.hollen.sk\/hu\/elerhetosegek\/hollen-cz-s-r-o-kvasiny-fioktelep\/#primaryimage\"},\"image\":{\"@id\":\"https:\/\/www.hollen.sk\/hu\/elerhetosegek\/hollen-cz-s-r-o-kvasiny-fioktelep\/#primaryimage\"},\"thumbnailUrl\":\"https:\/\/www.hollen.sk\/wp-content\/uploads\/2021\/09\/hollen-kvasiny.jpg\",\"datePublished\":\"2024-05-09T08:59:48+00:00\",\"dateModified\":\"2024-11-05T08:49:44+00:00\",\"breadcrumb\":{\"@id\":\"https:\/\/www.hollen.sk\/hu\/elerhetosegek\/hollen-cz-s-r-o-kvasiny-fioktelep\/#breadcrumb\"},\"inLanguage\":\"hu\",\"potentialAction\":[{\"@type\":\"ReadAction\",\"target\":[\"https:\/\/www.hollen.sk\/hu\/elerhetosegek\/hollen-cz-s-r-o-kvasiny-fioktelep\/\"]}]},{\"@type\":\"ImageObject\",\"inLanguage\":\"hu\",\"@id\":\"https:\/\/www.hollen.sk\/hu\/elerhetosegek\/hollen-cz-s-r-o-kvasiny-fioktelep\/#primaryimage\",\"url\":\"https:\/\/www.hollen.sk\/wp-content\/uploads\/2021\/09\/hollen-kvasiny.jpg\",\"contentUrl\":\"https:\/\/www.hollen.sk\/wp-content\/uploads\/2021\/09\/hollen-kvasiny.jpg\",\"width\":330,\"height\":248},{\"@type\":\"BreadcrumbList\",\"@id\":\"https:\/\/www.hollen.sk\/hu\/elerhetosegek\/hollen-cz-s-r-o-kvasiny-fioktelep\/#breadcrumb\",\"itemListElement\":[{\"@type\":\"ListItem\",\"position\":1,\"name\":\"Domovsk\u00e1 str\u00e1nka\",\"item\":\"https:\/\/www.hollen.sk\/hu\/\"},{\"@type\":\"ListItem\",\"position\":2,\"name\":\"El\u00e9rhet\u0151s\u00e9gek\",\"item\":\"https:\/\/www.hollen.sk\/hu\/elerhetosegek\/\"},{\"@type\":\"ListItem\",\"position\":3,\"name\":\"HOLLEN CZ s.r.o., Kvasiny fi\u00f3ktelep\"}]},{\"@type\":\"WebSite\",\"@id\":\"https:\/\/www.hollen.sk\/hu\/#website\",\"url\":\"https:\/\/www.hollen.sk\/hu\/\",\"name\":\"Hollen\",\"description\":\"\",\"potentialAction\":[{\"@type\":\"SearchAction\",\"target\":{\"@type\":\"EntryPoint\",\"urlTemplate\":\"https:\/\/www.hollen.sk\/hu\/?s={search_term_string}\"},\"query-input\":{\"@type\":\"PropertyValueSpecification\",\"valueRequired\":true,\"valueName\":\"search_term_string\"}}],\"inLanguage\":\"hu\"}]}<\/script>\n<!-- \/ Yoast SEO plugin. -->","yoast_head_json":{"title":"HOLLEN CZ s.r.o., Kvasiny fi\u00f3ktelep - Hollen","robots":{"index":"index","follow":"follow","max-snippet":"max-snippet:-1","max-image-preview":"max-image-preview:large","max-video-preview":"max-video-preview:-1"},"canonical":"https:\/\/www.hollen.sk\/hu\/elerhetosegek\/hollen-cz-s-r-o-kvasiny-fioktelep\/","og_locale":"hu_HU","og_type":"article","og_title":"HOLLEN CZ s.r.o., Kvasiny fi\u00f3ktelep - Hollen","og_description":"Hotline: +420 730 516 485 Telefon: +420 731 153 430 Email: lukas.hubeny@hollen.cz","og_url":"https:\/\/www.hollen.sk\/hu\/elerhetosegek\/hollen-cz-s-r-o-kvasiny-fioktelep\/","og_site_name":"Hollen","article_modified_time":"2024-11-05T08:49:44+00:00","og_image":[{"width":330,"height":248,"url":"https:\/\/www.hollen.sk\/wp-content\/uploads\/2021\/09\/hollen-kvasiny.jpg","type":"image\/jpeg"}],"twitter_card":"summary_large_image","twitter_misc":{"Becs\u00fclt olvas\u00e1si id\u0151":"1 perc"},"schema":{"@context":"https:\/\/schema.org","@graph":[{"@type":"WebPage","@id":"https:\/\/www.hollen.sk\/hu\/elerhetosegek\/hollen-cz-s-r-o-kvasiny-fioktelep\/","url":"https:\/\/www.hollen.sk\/hu\/elerhetosegek\/hollen-cz-s-r-o-kvasiny-fioktelep\/","name":"HOLLEN CZ s.r.o., Kvasiny fi\u00f3ktelep - Hollen","isPartOf":{"@id":"https:\/\/www.hollen.sk\/hu\/#website"},"primaryImageOfPage":{"@id":"https:\/\/www.hollen.sk\/hu\/elerhetosegek\/hollen-cz-s-r-o-kvasiny-fioktelep\/#primaryimage"},"image":{"@id":"https:\/\/www.hollen.sk\/hu\/elerhetosegek\/hollen-cz-s-r-o-kvasiny-fioktelep\/#primaryimage"},"thumbnailUrl":"https:\/\/www.hollen.sk\/wp-content\/uploads\/2021\/09\/hollen-kvasiny.jpg","datePublished":"2024-05-09T08:59:48+00:00","dateModified":"2024-11-05T08:49:44+00:00","breadcrumb":{"@id":"https:\/\/www.hollen.sk\/hu\/elerhetosegek\/hollen-cz-s-r-o-kvasiny-fioktelep\/#breadcrumb"},"inLanguage":"hu","potentialAction":[{"@type":"ReadAction","target":["https:\/\/www.hollen.sk\/hu\/elerhetosegek\/hollen-cz-s-r-o-kvasiny-fioktelep\/"]}]},{"@type":"ImageObject","inLanguage":"hu","@id":"https:\/\/www.hollen.sk\/hu\/elerhetosegek\/hollen-cz-s-r-o-kvasiny-fioktelep\/#primaryimage","url":"https:\/\/www.hollen.sk\/wp-content\/uploads\/2021\/09\/hollen-kvasiny.jpg","contentUrl":"https:\/\/www.hollen.sk\/wp-content\/uploads\/2021\/09\/hollen-kvasiny.jpg","width":330,"height":248},{"@type":"BreadcrumbList","@id":"https:\/\/www.hollen.sk\/hu\/elerhetosegek\/hollen-cz-s-r-o-kvasiny-fioktelep\/#breadcrumb","itemListElement":[{"@type":"ListItem","position":1,"name":"Domovsk\u00e1 str\u00e1nka","item":"https:\/\/www.hollen.sk\/hu\/"},{"@type":"ListItem","position":2,"name":"El\u00e9rhet\u0151s\u00e9gek","item":"https:\/\/www.hollen.sk\/hu\/elerhetosegek\/"},{"@type":"ListItem","position":3,"name":"HOLLEN CZ s.r.o., Kvasiny fi\u00f3ktelep"}]},{"@type":"WebSite","@id":"https:\/\/www.hollen.sk\/hu\/#website","url":"https:\/\/www.hollen.sk\/hu\/","name":"Hollen","description":"","potentialAction":[{"@type":"SearchAction","target":{"@type":"EntryPoint","urlTemplate":"https:\/\/www.hollen.sk\/hu\/?s={search_term_string}"},"query-input":{"@type":"PropertyValueSpecification","valueRequired":true,"valueName":"search_term_string"}}],"inLanguage":"hu"}]}},"_links":{"self":[{"href":"https:\/\/www.hollen.sk\/hu\/wp-json\/wp\/v2\/pages\/1853","targetHints":{"allow":["GET"]}}],"collection":[{"href":"https:\/\/www.hollen.sk\/hu\/wp-json\/wp\/v2\/pages"}],"about":[{"href":"https:\/\/www.hollen.sk\/hu\/wp-json\/wp\/v2\/types\/page"}],"author":[{"embeddable":true,"href":"https:\/\/www.hollen.sk\/hu\/wp-json\/wp\/v2\/users\/3"}],"replies":[{"embeddable":true,"href":"https:\/\/www.hollen.sk\/hu\/wp-json\/wp\/v2\/comments?post=1853"}],"version-history":[{"count":2,"href":"https:\/\/www.hollen.sk\/hu\/wp-json\/wp\/v2\/pages\/1853\/revisions"}],"predecessor-version":[{"id":3119,"href":"https:\/\/www.hollen.sk\/hu\/wp-json\/wp\/v2\/pages\/1853\/revisions\/3119"}],"up":[{"embeddable":true,"href":"https:\/\/www.hollen.sk\/hu\/wp-json\/wp\/v2\/pages\/1821"}],"wp:featuredmedia":[{"embeddable":true,"href":"https:\/\/www.hollen.sk\/hu\/wp-json\/wp\/v2\/media\/1854"}],"wp:attachment":[{"href":"https:\/\/www.hollen.sk\/hu\/wp-json\/wp\/v2\/media?parent=1853"}],"curies":[{"name":"wp","href":"https:\/\/api.w.org\/{rel}","templated":true}]}}