{"id":3385,"date":"2024-11-15T09:33:20","date_gmt":"2024-11-15T09:33:20","guid":{"rendered":"https:\/\/www.hollen.sk\/?page_id=3385"},"modified":"2024-11-15T09:49:32","modified_gmt":"2024-11-15T09:49:32","slug":"hollen-cz-s-r-o-mlada-boleslav-branch","status":"publish","type":"page","link":"https:\/\/www.hollen.sk\/en\/contacts\/hollen-cz-s-r-o-mlada-boleslav-branch\/","title":{"rendered":"HOLLEN CZ s.r.o., Mlad\u00e1 Boleslav &#8211; Branch"},"content":{"rendered":"<div id=\"pl-3385\"  class=\"panel-layout\" ><div id=\"pg-3385-0\"  class=\"panel-grid panel-has-style\" ><div class=\"contact-info panel-row-style panel-row-style-for-3385-0\" ><div id=\"pgc-3385-0-0\"  class=\"panel-grid-cell\" ><div id=\"panel-3385-0-0-0\" class=\"so-panel widget widget_sow-editor panel-first-child panel-last-child\" data-index=\"0\" ><div\n\t\t\t\n\t\t\tclass=\"so-widget-sow-editor so-widget-sow-editor-base\"\n\t\t\t\n\t\t>\n<div class=\"siteorigin-widget-tinymce textwidget\">\n\t<p style=\"margin-bottom: 5px;\">Hotline:<\/p>\n<h5 style=\"margin-top: 0px;\"><a href=\"tel:+420 774 531 562 \">+420 774 531 562 <\/a><\/h5>\n<\/div>\n<\/div><\/div><\/div><div id=\"pgc-3385-0-1\"  class=\"panel-grid-cell\" ><div id=\"panel-3385-0-1-0\" class=\"so-panel widget widget_sow-editor panel-first-child panel-last-child\" data-index=\"1\" ><div\n\t\t\t\n\t\t\tclass=\"so-widget-sow-editor so-widget-sow-editor-base\"\n\t\t\t\n\t\t>\n<div class=\"siteorigin-widget-tinymce textwidget\">\n\t<p style=\"margin-bottom: 5px;\">Phone:<\/p>\n<h5 style=\"margin-top: 0px;\"><a href=\"tel:+420 731 953 650 \">+420 731 953 650 <\/a><\/h5>\n<\/div>\n<\/div><\/div><\/div><div id=\"pgc-3385-0-2\"  class=\"panel-grid-cell\" ><div id=\"panel-3385-0-2-0\" class=\"so-panel widget widget_sow-editor panel-first-child panel-last-child\" data-index=\"2\" ><div\n\t\t\t\n\t\t\tclass=\"so-widget-sow-editor so-widget-sow-editor-base\"\n\t\t\t\n\t\t>\n<div class=\"siteorigin-widget-tinymce textwidget\">\n\t<p style=\"margin-bottom: 5px;\">Email:<\/p>\n<h5 style=\"margin-top: 0px;\"><a href=\"mailto: mladaboleslav@hollen.cz\">mladaboleslav@hollen.cz<\/a><\/h5>\n<\/div>\n<\/div><\/div><\/div><\/div><\/div><div id=\"pg-3385-1\"  class=\"panel-grid panel-no-style\" ><div id=\"pgc-3385-1-0\"  class=\"panel-grid-cell\" ><div id=\"panel-3385-1-0-0\" class=\"so-panel widget widget_sow-editor panel-first-child panel-last-child\" data-index=\"3\" ><div\n\t\t\t\n\t\t\tclass=\"so-widget-sow-editor so-widget-sow-editor-base\"\n\t\t\t\n\t\t>\n<div class=\"siteorigin-widget-tinymce textwidget\">\n\t<p><span class=\"hr-area\"><\/span><\/p>\n<\/div>\n<\/div><\/div><\/div><\/div><div id=\"pg-3385-2\"  class=\"panel-grid panel-has-style\" ><div class=\"contact-info panel-row-style panel-row-style-for-3385-2\" ><div id=\"pgc-3385-2-0\"  class=\"panel-grid-cell\" ><div id=\"panel-3385-2-0-0\" class=\"so-panel widget widget_sow-editor panel-first-child panel-last-child\" data-index=\"4\" ><div\n\t\t\t\n\t\t\tclass=\"so-widget-sow-editor so-widget-sow-editor-base\"\n\t\t\t\n\t\t>\n<div class=\"siteorigin-widget-tinymce textwidget\">\n\t<h6><span style=\"color: #074499;\">Managing Director<\/span><\/h6>\n<p>Martin Li\u0161ka<br \/>\nMob.: <a href=\"tel: +420 774 531 439 \">+420 774 531 439 <\/a><br \/>\nEmail: <a href=\"mailto: martin.liska@hollen.cz \">martin.liska@hollen.cz <\/a><\/p>\n<p><span style=\"color: #074499;\">Administrative clerk<\/span><\/p>\n<p>M\u00e1ria Pong\u00f3ov\u00e1<br \/>\nMob.: <a href=\"tel:+420 731 953 650 \">+420 731 953 650 <\/a><br \/>\nEmail: <a href=\"mailto:maria.pongoova@hollen.cz\">maria.pongoova@hollen.cz<\/a><\/p>\n<\/div>\n<\/div><\/div><\/div><div id=\"pgc-3385-2-1\"  class=\"panel-grid-cell\" ><div id=\"panel-3385-2-1-0\" class=\"so-panel widget widget_sow-editor panel-first-child panel-last-child\" data-index=\"5\" ><div\n\t\t\t\n\t\t\tclass=\"so-widget-sow-editor so-widget-sow-editor-base\"\n\t\t\t\n\t\t>\n<div class=\"siteorigin-widget-tinymce textwidget\">\n\t<h6><span style=\"color: #074499;\">Order intake<\/span><\/h6>\n<p><span style=\"color: #074499;\">Chief technician<\/span><\/p>\n<p>Karel Douba<br \/>\nMob.: <a href=\"tel: +420 774 531 562\">+420 774 531 562 <\/a><br \/>\nEmail: <a href=\"mailto: karel.douba@hollen.cz \">karel.douba@hollen.cz <\/a><\/p>\n<\/div>\n<\/div><\/div><\/div><div id=\"pgc-3385-2-2\"  class=\"panel-grid-cell\" ><div id=\"panel-3385-2-2-0\" class=\"so-panel widget widget_sow-editor panel-first-child panel-last-child\" data-index=\"6\" ><div\n\t\t\t\n\t\t\tclass=\"so-widget-sow-editor so-widget-sow-editor-base\"\n\t\t\t\n\t\t>\n<div class=\"siteorigin-widget-tinymce textwidget\">\n\t<h6><span style=\"color: #074499;\">Quality Assurance<\/span><\/h6>\n<p><span style=\"color: #074499;\">Internal quality auditor<\/span><\/p>\n<p>Renata Kli\u010dkov\u00e1<br \/>\nMob.: <a href=\"tel:+420 733 121 345 \">+420 733 121 345 <\/a><br \/>\nEmail: <a href=\"mailto: renata.klickova@hollen.cz \">renata.klickova@hollen.cz <\/a><\/p>\n<\/div>\n<\/div><\/div><\/div><\/div><\/div><div id=\"pg-3385-3\"  class=\"panel-grid panel-no-style\" ><div id=\"pgc-3385-3-0\"  class=\"panel-grid-cell\" ><div id=\"panel-3385-3-0-0\" class=\"so-panel widget widget_sow-editor panel-first-child panel-last-child\" data-index=\"7\" ><div\n\t\t\t\n\t\t\tclass=\"so-widget-sow-editor so-widget-sow-editor-base\"\n\t\t\t\n\t\t>\n<div class=\"siteorigin-widget-tinymce textwidget\">\n\t<div style=\"width: 100%\"><iframe loading=\"lazy\" width=\"100%\" height=\"400\" frameborder=\"0\" scrolling=\"no\" marginheight=\"0\" marginwidth=\"0\" src=\"https:\/\/maps.google.com\/maps?width=100%25&amp;height=400&amp;hl=en&amp;q=Hollen%20CZ%20s.r.o.,M%C3%A1chova%20802,%20293%2001%20Mlad%C3%A1%20Boleslav,%20%C4%8Cesk%C3%A1%20republika+()&amp;t=&amp;z=14&amp;ie=UTF8&amp;iwloc=B&amp;output=embed\"><\/iframe><\/div>\n<\/div>\n<\/div><\/div><\/div><\/div><\/div>","protected":false},"excerpt":{"rendered":"<p>Hotline: +420 774 531 562 Phone: +420 731 953 650 Email: mladaboleslav@hollen.cz<\/p>\n","protected":false},"author":3,"featured_media":1004,"parent":1737,"menu_order":0,"comment_status":"closed","ping_status":"closed","template":"","meta":{"_acf_changed":false,"footnotes":""},"class_list":["post-3385","page","type-page","status-publish","has-post-thumbnail","hentry"],"acf":[],"yoast_head":"<!-- This site is optimized with the Yoast SEO plugin v25.1 - https:\/\/yoast.com\/wordpress\/plugins\/seo\/ -->\n<title>HOLLEN CZ s.r.o., Mlad\u00e1 Boleslav - Branch - Hollen<\/title>\n<meta name=\"robots\" content=\"index, follow, max-snippet:-1, max-image-preview:large, max-video-preview:-1\" \/>\n<link rel=\"canonical\" href=\"https:\/\/www.hollen.sk\/en\/contacts\/hollen-cz-s-r-o-mlada-boleslav-branch\/\" \/>\n<meta property=\"og:locale\" content=\"en_US\" \/>\n<meta property=\"og:type\" content=\"article\" \/>\n<meta property=\"og:title\" content=\"HOLLEN CZ s.r.o., Mlad\u00e1 Boleslav - Branch - Hollen\" \/>\n<meta property=\"og:description\" content=\"Hotline: +420 774 531 562 Phone: +420 731 953 650 Email: mladaboleslav@hollen.cz\" \/>\n<meta property=\"og:url\" content=\"https:\/\/www.hollen.sk\/en\/contacts\/hollen-cz-s-r-o-mlada-boleslav-branch\/\" \/>\n<meta property=\"og:site_name\" content=\"Hollen\" \/>\n<meta property=\"article:modified_time\" content=\"2024-11-15T09:49:32+00:00\" \/>\n<meta property=\"og:image\" content=\"https:\/\/www.hollen.sk\/wp-content\/uploads\/2024\/05\/hollen-mlada-boleslav.jpg\" \/>\n\t<meta property=\"og:image:width\" content=\"330\" \/>\n\t<meta property=\"og:image:height\" content=\"220\" \/>\n\t<meta property=\"og:image:type\" content=\"image\/jpeg\" \/>\n<meta name=\"twitter:card\" content=\"summary_large_image\" \/>\n<meta name=\"twitter:label1\" content=\"Est. reading time\" \/>\n\t<meta name=\"twitter:data1\" content=\"1 minute\" \/>\n<script type=\"application\/ld+json\" class=\"yoast-schema-graph\">{\"@context\":\"https:\/\/schema.org\",\"@graph\":[{\"@type\":\"WebPage\",\"@id\":\"https:\/\/www.hollen.sk\/en\/contacts\/hollen-cz-s-r-o-mlada-boleslav-branch\/\",\"url\":\"https:\/\/www.hollen.sk\/en\/contacts\/hollen-cz-s-r-o-mlada-boleslav-branch\/\",\"name\":\"HOLLEN CZ s.r.o., Mlad\u00e1 Boleslav - Branch - Hollen\",\"isPartOf\":{\"@id\":\"https:\/\/www.hollen.sk\/en\/#website\"},\"primaryImageOfPage\":{\"@id\":\"https:\/\/www.hollen.sk\/en\/contacts\/hollen-cz-s-r-o-mlada-boleslav-branch\/#primaryimage\"},\"image\":{\"@id\":\"https:\/\/www.hollen.sk\/en\/contacts\/hollen-cz-s-r-o-mlada-boleslav-branch\/#primaryimage\"},\"thumbnailUrl\":\"https:\/\/www.hollen.sk\/wp-content\/uploads\/2024\/05\/hollen-mlada-boleslav.jpg\",\"datePublished\":\"2024-11-15T09:33:20+00:00\",\"dateModified\":\"2024-11-15T09:49:32+00:00\",\"breadcrumb\":{\"@id\":\"https:\/\/www.hollen.sk\/en\/contacts\/hollen-cz-s-r-o-mlada-boleslav-branch\/#breadcrumb\"},\"inLanguage\":\"en-US\",\"potentialAction\":[{\"@type\":\"ReadAction\",\"target\":[\"https:\/\/www.hollen.sk\/en\/contacts\/hollen-cz-s-r-o-mlada-boleslav-branch\/\"]}]},{\"@type\":\"ImageObject\",\"inLanguage\":\"en-US\",\"@id\":\"https:\/\/www.hollen.sk\/en\/contacts\/hollen-cz-s-r-o-mlada-boleslav-branch\/#primaryimage\",\"url\":\"https:\/\/www.hollen.sk\/wp-content\/uploads\/2024\/05\/hollen-mlada-boleslav.jpg\",\"contentUrl\":\"https:\/\/www.hollen.sk\/wp-content\/uploads\/2024\/05\/hollen-mlada-boleslav.jpg\",\"width\":330,\"height\":220},{\"@type\":\"BreadcrumbList\",\"@id\":\"https:\/\/www.hollen.sk\/en\/contacts\/hollen-cz-s-r-o-mlada-boleslav-branch\/#breadcrumb\",\"itemListElement\":[{\"@type\":\"ListItem\",\"position\":1,\"name\":\"Domovsk\u00e1 str\u00e1nka\",\"item\":\"https:\/\/www.hollen.sk\/en\/\"},{\"@type\":\"ListItem\",\"position\":2,\"name\":\"Contacts\",\"item\":\"https:\/\/www.hollen.sk\/en\/contacts\/\"},{\"@type\":\"ListItem\",\"position\":3,\"name\":\"HOLLEN CZ s.r.o., Mlad\u00e1 Boleslav &#8211; Branch\"}]},{\"@type\":\"WebSite\",\"@id\":\"https:\/\/www.hollen.sk\/en\/#website\",\"url\":\"https:\/\/www.hollen.sk\/en\/\",\"name\":\"Hollen\",\"description\":\"\",\"potentialAction\":[{\"@type\":\"SearchAction\",\"target\":{\"@type\":\"EntryPoint\",\"urlTemplate\":\"https:\/\/www.hollen.sk\/en\/?s={search_term_string}\"},\"query-input\":{\"@type\":\"PropertyValueSpecification\",\"valueRequired\":true,\"valueName\":\"search_term_string\"}}],\"inLanguage\":\"en-US\"}]}<\/script>\n<!-- \/ Yoast SEO plugin. -->","yoast_head_json":{"title":"HOLLEN CZ s.r.o., Mlad\u00e1 Boleslav - Branch - Hollen","robots":{"index":"index","follow":"follow","max-snippet":"max-snippet:-1","max-image-preview":"max-image-preview:large","max-video-preview":"max-video-preview:-1"},"canonical":"https:\/\/www.hollen.sk\/en\/contacts\/hollen-cz-s-r-o-mlada-boleslav-branch\/","og_locale":"en_US","og_type":"article","og_title":"HOLLEN CZ s.r.o., Mlad\u00e1 Boleslav - Branch - Hollen","og_description":"Hotline: +420 774 531 562 Phone: +420 731 953 650 Email: mladaboleslav@hollen.cz","og_url":"https:\/\/www.hollen.sk\/en\/contacts\/hollen-cz-s-r-o-mlada-boleslav-branch\/","og_site_name":"Hollen","article_modified_time":"2024-11-15T09:49:32+00:00","og_image":[{"width":330,"height":220,"url":"https:\/\/www.hollen.sk\/wp-content\/uploads\/2024\/05\/hollen-mlada-boleslav.jpg","type":"image\/jpeg"}],"twitter_card":"summary_large_image","twitter_misc":{"Est. reading time":"1 minute"},"schema":{"@context":"https:\/\/schema.org","@graph":[{"@type":"WebPage","@id":"https:\/\/www.hollen.sk\/en\/contacts\/hollen-cz-s-r-o-mlada-boleslav-branch\/","url":"https:\/\/www.hollen.sk\/en\/contacts\/hollen-cz-s-r-o-mlada-boleslav-branch\/","name":"HOLLEN CZ s.r.o., Mlad\u00e1 Boleslav - Branch - Hollen","isPartOf":{"@id":"https:\/\/www.hollen.sk\/en\/#website"},"primaryImageOfPage":{"@id":"https:\/\/www.hollen.sk\/en\/contacts\/hollen-cz-s-r-o-mlada-boleslav-branch\/#primaryimage"},"image":{"@id":"https:\/\/www.hollen.sk\/en\/contacts\/hollen-cz-s-r-o-mlada-boleslav-branch\/#primaryimage"},"thumbnailUrl":"https:\/\/www.hollen.sk\/wp-content\/uploads\/2024\/05\/hollen-mlada-boleslav.jpg","datePublished":"2024-11-15T09:33:20+00:00","dateModified":"2024-11-15T09:49:32+00:00","breadcrumb":{"@id":"https:\/\/www.hollen.sk\/en\/contacts\/hollen-cz-s-r-o-mlada-boleslav-branch\/#breadcrumb"},"inLanguage":"en-US","potentialAction":[{"@type":"ReadAction","target":["https:\/\/www.hollen.sk\/en\/contacts\/hollen-cz-s-r-o-mlada-boleslav-branch\/"]}]},{"@type":"ImageObject","inLanguage":"en-US","@id":"https:\/\/www.hollen.sk\/en\/contacts\/hollen-cz-s-r-o-mlada-boleslav-branch\/#primaryimage","url":"https:\/\/www.hollen.sk\/wp-content\/uploads\/2024\/05\/hollen-mlada-boleslav.jpg","contentUrl":"https:\/\/www.hollen.sk\/wp-content\/uploads\/2024\/05\/hollen-mlada-boleslav.jpg","width":330,"height":220},{"@type":"BreadcrumbList","@id":"https:\/\/www.hollen.sk\/en\/contacts\/hollen-cz-s-r-o-mlada-boleslav-branch\/#breadcrumb","itemListElement":[{"@type":"ListItem","position":1,"name":"Domovsk\u00e1 str\u00e1nka","item":"https:\/\/www.hollen.sk\/en\/"},{"@type":"ListItem","position":2,"name":"Contacts","item":"https:\/\/www.hollen.sk\/en\/contacts\/"},{"@type":"ListItem","position":3,"name":"HOLLEN CZ s.r.o., Mlad\u00e1 Boleslav &#8211; Branch"}]},{"@type":"WebSite","@id":"https:\/\/www.hollen.sk\/en\/#website","url":"https:\/\/www.hollen.sk\/en\/","name":"Hollen","description":"","potentialAction":[{"@type":"SearchAction","target":{"@type":"EntryPoint","urlTemplate":"https:\/\/www.hollen.sk\/en\/?s={search_term_string}"},"query-input":{"@type":"PropertyValueSpecification","valueRequired":true,"valueName":"search_term_string"}}],"inLanguage":"en-US"}]}},"_links":{"self":[{"href":"https:\/\/www.hollen.sk\/en\/wp-json\/wp\/v2\/pages\/3385","targetHints":{"allow":["GET"]}}],"collection":[{"href":"https:\/\/www.hollen.sk\/en\/wp-json\/wp\/v2\/pages"}],"about":[{"href":"https:\/\/www.hollen.sk\/en\/wp-json\/wp\/v2\/types\/page"}],"author":[{"embeddable":true,"href":"https:\/\/www.hollen.sk\/en\/wp-json\/wp\/v2\/users\/3"}],"replies":[{"embeddable":true,"href":"https:\/\/www.hollen.sk\/en\/wp-json\/wp\/v2\/comments?post=3385"}],"version-history":[{"count":5,"href":"https:\/\/www.hollen.sk\/en\/wp-json\/wp\/v2\/pages\/3385\/revisions"}],"predecessor-version":[{"id":3421,"href":"https:\/\/www.hollen.sk\/en\/wp-json\/wp\/v2\/pages\/3385\/revisions\/3421"}],"up":[{"embeddable":true,"href":"https:\/\/www.hollen.sk\/en\/wp-json\/wp\/v2\/pages\/1737"}],"wp:featuredmedia":[{"embeddable":true,"href":"https:\/\/www.hollen.sk\/en\/wp-json\/wp\/v2\/media\/1004"}],"wp:attachment":[{"href":"https:\/\/www.hollen.sk\/en\/wp-json\/wp\/v2\/media?parent=3385"}],"curies":[{"name":"wp","href":"https:\/\/api.w.org\/{rel}","templated":true}]}}