{"id":1829,"date":"2024-05-09T08:33:39","date_gmt":"2024-05-09T08:33:39","guid":{"rendered":"https:\/\/www.hollen.sk\/kontakt\/hollen-cz-s-r-o-filiale-trutnov\/"},"modified":"2025-09-10T06:13:06","modified_gmt":"2025-09-10T06:13:06","slug":"hollen-cz-s-r-o-filiale-trutnov","status":"publish","type":"page","link":"https:\/\/www.hollen.sk\/de\/kontakt\/hollen-cz-s-r-o-filiale-trutnov\/","title":{"rendered":"HOLLEN CZ s.r.o. Filiale Trutnov"},"content":{"rendered":"<div id=\"pl-1829\"  class=\"panel-layout\" ><div id=\"pg-1829-0\"  class=\"panel-grid panel-has-style\" ><div class=\"contact-info panel-row-style panel-row-style-for-1829-0\" ><div id=\"pgc-1829-0-0\"  class=\"panel-grid-cell\" ><div id=\"panel-1829-0-0-0\" class=\"so-panel widget widget_sow-editor panel-first-child panel-last-child\" data-index=\"0\" ><div\n\t\t\t\n\t\t\tclass=\"so-widget-sow-editor so-widget-sow-editor-base\"\n\t\t\t\n\t\t>\n<div class=\"siteorigin-widget-tinymce textwidget\">\n\t<p style=\"margin-bottom: 5px;\">Hotline:<\/p>\n<h5 style=\"margin-top: 0px;\"><a href=\"tel:+420%20737%20173%20179%20\">+420 737 173 179<\/a><\/h5>\n<\/div>\n<\/div><\/div><\/div><div id=\"pgc-1829-0-1\"  class=\"panel-grid-cell\" ><div id=\"panel-1829-0-1-0\" class=\"so-panel widget widget_sow-editor panel-first-child panel-last-child\" data-index=\"1\" ><div\n\t\t\t\n\t\t\tclass=\"so-widget-sow-editor so-widget-sow-editor-base\"\n\t\t\t\n\t\t>\n<div class=\"siteorigin-widget-tinymce textwidget\">\n\t<p style=\"margin-bottom: 5px;\">Telefon:<\/p>\n<h5 style=\"margin-top: 0px;\"><a href=\"tel:+420%20730%20516%20482\">+420 730 516 482<\/a><\/h5>\n<\/div>\n<\/div><\/div><\/div><div id=\"pgc-1829-0-2\"  class=\"panel-grid-cell\" ><div id=\"panel-1829-0-2-0\" class=\"so-panel widget widget_sow-editor panel-first-child panel-last-child\" data-index=\"2\" ><div\n\t\t\t\n\t\t\tclass=\"so-widget-sow-editor so-widget-sow-editor-base\"\n\t\t\t\n\t\t>\n<div class=\"siteorigin-widget-tinymce textwidget\">\n\t<p style=\"margin-bottom: 5px;\">Email:<\/p>\n<h5 style=\"margin-top: 0px;\"><a href=\"mailto:%20trutnov@hollen.cz\"> trutnov@hollen.cz<\/a><\/h5>\n<\/div>\n<\/div><\/div><\/div><\/div><\/div><div id=\"pg-1829-1\"  class=\"panel-grid panel-no-style\" ><div id=\"pgc-1829-1-0\"  class=\"panel-grid-cell\" ><div id=\"panel-1829-1-0-0\" class=\"so-panel widget widget_sow-editor panel-first-child panel-last-child\" data-index=\"3\" ><div\n\t\t\t\n\t\t\tclass=\"so-widget-sow-editor so-widget-sow-editor-base\"\n\t\t\t\n\t\t>\n<div class=\"siteorigin-widget-tinymce textwidget\">\n\t<p><span class=\"hr-area\"><\/span><\/p>\n<\/div>\n<\/div><\/div><\/div><\/div><div id=\"pg-1829-2\"  class=\"panel-grid panel-has-style\" ><div class=\"contact-info panel-row-style panel-row-style-for-1829-2\" ><div id=\"pgc-1829-2-0\"  class=\"panel-grid-cell\" ><div id=\"panel-1829-2-0-0\" class=\"so-panel widget widget_sow-editor panel-first-child panel-last-child\" data-index=\"4\" ><div\n\t\t\t\n\t\t\tclass=\"so-widget-sow-editor so-widget-sow-editor-base\"\n\t\t\t\n\t\t>\n<div class=\"siteorigin-widget-tinymce textwidget\">\n\t<h6><span style=\"color: #074499;\">Filialeleiter<\/span><\/h6>\n<p>Barbora Pastern\u00e1k Tal\u00e1rov\u00e1<br \/>\nMob.: <a href=\"tel:+420%20734159363\">+420 734159363<\/a><br \/>\nEmail: <a href=\"mailto:%20barbora.talarova@hollen.cz%20\">barbora.talarova@hollen.cz <\/a><\/p>\n<p><span style=\"color: #074499;\">Administrative Unterst\u00fctzung <\/span><\/p>\n<p>Gabriela Jurs\u00edkov\u00e1<br \/>\nMob.: <a href=\"tel:+420 737 173 179 \">+420 737 173 179 <\/a><br \/>\nEmail: <a href=\"mailto:gabriela.jursikova@hollen.cz \">gabriela.jursikova@hollen.cz <\/a><\/p>\n<\/div>\n<\/div><\/div><\/div><div id=\"pgc-1829-2-1\"  class=\"panel-grid-cell\" ><div id=\"panel-1829-2-1-0\" class=\"so-panel widget widget_sow-editor panel-first-child panel-last-child\" data-index=\"5\" ><div\n\t\t\t\n\t\t\tclass=\"so-widget-sow-editor so-widget-sow-editor-base\"\n\t\t\t\n\t\t>\n<div class=\"siteorigin-widget-tinymce textwidget\">\n\t<h6><span style=\"color: #074499;\">Auftragsempfang<\/span><\/h6>\n<p><span style=\"color: #074499;\">Leitender Techniker <\/span><\/p>\n<p>Michal Borsk\u00fd<br \/>\nMob.: <a href=\"tel:+420%20734%20441%20093%20\">+420 734 441 093 <\/a><br \/>\nEmail:  <a href=\"mailto:michal.borsky@hollen.cz\"><\/a><a href=\"mailto:michal.borsky@hollen.cz\">michal.borsky@hollen.cz <\/a> <\/p>\n<\/div>\n<\/div><\/div><\/div><div id=\"pgc-1829-2-2\"  class=\"panel-grid-cell\" ><div id=\"panel-1829-2-2-0\" class=\"so-panel widget widget_sow-editor panel-first-child panel-last-child\" data-index=\"6\" ><div\n\t\t\t\n\t\t\tclass=\"so-widget-sow-editor so-widget-sow-editor-base\"\n\t\t\t\n\t\t>\n<div class=\"siteorigin-widget-tinymce textwidget\">\n\t<h6><span style=\"color: #074499;\">Qualit\u00e4t<\/span><\/h6>\n<p><span style=\"color: #074499;\">Interner Qualit\u00e4tsautidor<\/span><\/p>\n<p>Sandra Kr\u00e1lov\u00e1<br \/>\nMob.: <a href=\"tel:+420%20736%20451%20127%20\">+420 736 451 127 <\/a><br \/>\nEmail:  <a href=\"mailto:%20sandra.kralova@hollen.cz%20\">sandra.kralova@hollen.cz <\/a><\/p>\n<\/div>\n<\/div><\/div><\/div><\/div><\/div><div id=\"pg-1829-3\"  class=\"panel-grid panel-no-style\" ><div id=\"pgc-1829-3-0\"  class=\"panel-grid-cell\" ><div id=\"panel-1829-3-0-0\" class=\"so-panel widget widget_sow-editor panel-first-child panel-last-child\" data-index=\"7\" ><div\n\t\t\t\n\t\t\tclass=\"so-widget-sow-editor so-widget-sow-editor-base\"\n\t\t\t\n\t\t>\n<div class=\"siteorigin-widget-tinymce textwidget\">\n\t<div style=\"width: 100%\"><iframe loading=\"lazy\" width=\"100%\" height=\"400\" frameborder=\"0\" scrolling=\"no\" marginheight=\"0\" marginwidth=\"0\" src=\"https:\/\/maps.google.com\/maps?width=100%25&amp;height=400&amp;hl=en&amp;q=Hollen%20CZ%20s.r.o.,M%C3%ADrov%C3%A1%20753,%20541%2002%20Trutnov,%20%C4%8Cesk%C3%A1%20republika%20+()&amp;t=&amp;z=14&amp;ie=UTF8&amp;iwloc=B&amp;output=embed\"><\/iframe><\/div>\n<\/div>\n<\/div><\/div><\/div><\/div><\/div>","protected":false},"excerpt":{"rendered":"<p>Hotline: +420 737 173 179 Telefon: +420 730 516 482 Email: trutnov@hollen.cz<\/p>\n","protected":false},"author":3,"featured_media":3575,"parent":1819,"menu_order":0,"comment_status":"closed","ping_status":"closed","template":"","meta":{"_acf_changed":false,"footnotes":""},"class_list":["post-1829","page","type-page","status-publish","has-post-thumbnail","hentry"],"acf":[],"yoast_head":"<!-- This site is optimized with the Yoast SEO plugin v25.1 - https:\/\/yoast.com\/wordpress\/plugins\/seo\/ -->\n<title>HOLLEN CZ s.r.o. Filiale Trutnov - Hollen<\/title>\n<meta name=\"robots\" content=\"index, follow, max-snippet:-1, max-image-preview:large, max-video-preview:-1\" \/>\n<link rel=\"canonical\" href=\"https:\/\/www.hollen.sk\/de\/kontakt\/hollen-cz-s-r-o-filiale-trutnov\/\" \/>\n<meta property=\"og:locale\" content=\"de_DE\" \/>\n<meta property=\"og:type\" content=\"article\" \/>\n<meta property=\"og:title\" content=\"HOLLEN CZ s.r.o. Filiale Trutnov - Hollen\" \/>\n<meta property=\"og:description\" content=\"Hotline: +420 737 173 179 Telefon: +420 730 516 482 Email: trutnov@hollen.cz\" \/>\n<meta property=\"og:url\" content=\"https:\/\/www.hollen.sk\/de\/kontakt\/hollen-cz-s-r-o-filiale-trutnov\/\" \/>\n<meta property=\"og:site_name\" content=\"Hollen\" \/>\n<meta property=\"article:modified_time\" content=\"2025-09-10T06:13:06+00:00\" \/>\n<meta property=\"og:image\" content=\"https:\/\/www.hollen.sk\/wp-content\/uploads\/2024\/12\/IMG_20190904_085550-1024x768.jpg\" \/>\n\t<meta property=\"og:image:width\" content=\"1024\" \/>\n\t<meta property=\"og:image:height\" content=\"768\" \/>\n\t<meta property=\"og:image:type\" content=\"image\/jpeg\" \/>\n<meta name=\"twitter:card\" content=\"summary_large_image\" \/>\n<meta name=\"twitter:label1\" content=\"Gesch\u00e4tzte Lesezeit\" \/>\n\t<meta name=\"twitter:data1\" content=\"1\u00a0Minute\" \/>\n<script type=\"application\/ld+json\" class=\"yoast-schema-graph\">{\"@context\":\"https:\/\/schema.org\",\"@graph\":[{\"@type\":\"WebPage\",\"@id\":\"https:\/\/www.hollen.sk\/de\/kontakt\/hollen-cz-s-r-o-filiale-trutnov\/\",\"url\":\"https:\/\/www.hollen.sk\/de\/kontakt\/hollen-cz-s-r-o-filiale-trutnov\/\",\"name\":\"HOLLEN CZ s.r.o. Filiale Trutnov - Hollen\",\"isPartOf\":{\"@id\":\"https:\/\/www.hollen.sk\/de\/#website\"},\"primaryImageOfPage\":{\"@id\":\"https:\/\/www.hollen.sk\/de\/kontakt\/hollen-cz-s-r-o-filiale-trutnov\/#primaryimage\"},\"image\":{\"@id\":\"https:\/\/www.hollen.sk\/de\/kontakt\/hollen-cz-s-r-o-filiale-trutnov\/#primaryimage\"},\"thumbnailUrl\":\"https:\/\/www.hollen.sk\/wp-content\/uploads\/2024\/12\/IMG_20190904_085550.jpg\",\"datePublished\":\"2024-05-09T08:33:39+00:00\",\"dateModified\":\"2025-09-10T06:13:06+00:00\",\"breadcrumb\":{\"@id\":\"https:\/\/www.hollen.sk\/de\/kontakt\/hollen-cz-s-r-o-filiale-trutnov\/#breadcrumb\"},\"inLanguage\":\"de\",\"potentialAction\":[{\"@type\":\"ReadAction\",\"target\":[\"https:\/\/www.hollen.sk\/de\/kontakt\/hollen-cz-s-r-o-filiale-trutnov\/\"]}]},{\"@type\":\"ImageObject\",\"inLanguage\":\"de\",\"@id\":\"https:\/\/www.hollen.sk\/de\/kontakt\/hollen-cz-s-r-o-filiale-trutnov\/#primaryimage\",\"url\":\"https:\/\/www.hollen.sk\/wp-content\/uploads\/2024\/12\/IMG_20190904_085550.jpg\",\"contentUrl\":\"https:\/\/www.hollen.sk\/wp-content\/uploads\/2024\/12\/IMG_20190904_085550.jpg\",\"width\":4608,\"height\":3456,\"caption\":\"dav\"},{\"@type\":\"BreadcrumbList\",\"@id\":\"https:\/\/www.hollen.sk\/de\/kontakt\/hollen-cz-s-r-o-filiale-trutnov\/#breadcrumb\",\"itemListElement\":[{\"@type\":\"ListItem\",\"position\":1,\"name\":\"Domovsk\u00e1 str\u00e1nka\",\"item\":\"https:\/\/www.hollen.sk\/de\/\"},{\"@type\":\"ListItem\",\"position\":2,\"name\":\"Kontakt\",\"item\":\"https:\/\/www.hollen.sk\/de\/kontakt\/\"},{\"@type\":\"ListItem\",\"position\":3,\"name\":\"HOLLEN CZ s.r.o. Filiale Trutnov\"}]},{\"@type\":\"WebSite\",\"@id\":\"https:\/\/www.hollen.sk\/de\/#website\",\"url\":\"https:\/\/www.hollen.sk\/de\/\",\"name\":\"Hollen\",\"description\":\"\",\"potentialAction\":[{\"@type\":\"SearchAction\",\"target\":{\"@type\":\"EntryPoint\",\"urlTemplate\":\"https:\/\/www.hollen.sk\/de\/?s={search_term_string}\"},\"query-input\":{\"@type\":\"PropertyValueSpecification\",\"valueRequired\":true,\"valueName\":\"search_term_string\"}}],\"inLanguage\":\"de\"}]}<\/script>\n<!-- \/ Yoast SEO plugin. -->","yoast_head_json":{"title":"HOLLEN CZ s.r.o. Filiale Trutnov - Hollen","robots":{"index":"index","follow":"follow","max-snippet":"max-snippet:-1","max-image-preview":"max-image-preview:large","max-video-preview":"max-video-preview:-1"},"canonical":"https:\/\/www.hollen.sk\/de\/kontakt\/hollen-cz-s-r-o-filiale-trutnov\/","og_locale":"de_DE","og_type":"article","og_title":"HOLLEN CZ s.r.o. Filiale Trutnov - Hollen","og_description":"Hotline: +420 737 173 179 Telefon: +420 730 516 482 Email: trutnov@hollen.cz","og_url":"https:\/\/www.hollen.sk\/de\/kontakt\/hollen-cz-s-r-o-filiale-trutnov\/","og_site_name":"Hollen","article_modified_time":"2025-09-10T06:13:06+00:00","og_image":[{"width":1024,"height":768,"url":"https:\/\/www.hollen.sk\/wp-content\/uploads\/2024\/12\/IMG_20190904_085550-1024x768.jpg","type":"image\/jpeg"}],"twitter_card":"summary_large_image","twitter_misc":{"Gesch\u00e4tzte Lesezeit":"1\u00a0Minute"},"schema":{"@context":"https:\/\/schema.org","@graph":[{"@type":"WebPage","@id":"https:\/\/www.hollen.sk\/de\/kontakt\/hollen-cz-s-r-o-filiale-trutnov\/","url":"https:\/\/www.hollen.sk\/de\/kontakt\/hollen-cz-s-r-o-filiale-trutnov\/","name":"HOLLEN CZ s.r.o. Filiale Trutnov - Hollen","isPartOf":{"@id":"https:\/\/www.hollen.sk\/de\/#website"},"primaryImageOfPage":{"@id":"https:\/\/www.hollen.sk\/de\/kontakt\/hollen-cz-s-r-o-filiale-trutnov\/#primaryimage"},"image":{"@id":"https:\/\/www.hollen.sk\/de\/kontakt\/hollen-cz-s-r-o-filiale-trutnov\/#primaryimage"},"thumbnailUrl":"https:\/\/www.hollen.sk\/wp-content\/uploads\/2024\/12\/IMG_20190904_085550.jpg","datePublished":"2024-05-09T08:33:39+00:00","dateModified":"2025-09-10T06:13:06+00:00","breadcrumb":{"@id":"https:\/\/www.hollen.sk\/de\/kontakt\/hollen-cz-s-r-o-filiale-trutnov\/#breadcrumb"},"inLanguage":"de","potentialAction":[{"@type":"ReadAction","target":["https:\/\/www.hollen.sk\/de\/kontakt\/hollen-cz-s-r-o-filiale-trutnov\/"]}]},{"@type":"ImageObject","inLanguage":"de","@id":"https:\/\/www.hollen.sk\/de\/kontakt\/hollen-cz-s-r-o-filiale-trutnov\/#primaryimage","url":"https:\/\/www.hollen.sk\/wp-content\/uploads\/2024\/12\/IMG_20190904_085550.jpg","contentUrl":"https:\/\/www.hollen.sk\/wp-content\/uploads\/2024\/12\/IMG_20190904_085550.jpg","width":4608,"height":3456,"caption":"dav"},{"@type":"BreadcrumbList","@id":"https:\/\/www.hollen.sk\/de\/kontakt\/hollen-cz-s-r-o-filiale-trutnov\/#breadcrumb","itemListElement":[{"@type":"ListItem","position":1,"name":"Domovsk\u00e1 str\u00e1nka","item":"https:\/\/www.hollen.sk\/de\/"},{"@type":"ListItem","position":2,"name":"Kontakt","item":"https:\/\/www.hollen.sk\/de\/kontakt\/"},{"@type":"ListItem","position":3,"name":"HOLLEN CZ s.r.o. Filiale Trutnov"}]},{"@type":"WebSite","@id":"https:\/\/www.hollen.sk\/de\/#website","url":"https:\/\/www.hollen.sk\/de\/","name":"Hollen","description":"","potentialAction":[{"@type":"SearchAction","target":{"@type":"EntryPoint","urlTemplate":"https:\/\/www.hollen.sk\/de\/?s={search_term_string}"},"query-input":{"@type":"PropertyValueSpecification","valueRequired":true,"valueName":"search_term_string"}}],"inLanguage":"de"}]}},"_links":{"self":[{"href":"https:\/\/www.hollen.sk\/de\/wp-json\/wp\/v2\/pages\/1829","targetHints":{"allow":["GET"]}}],"collection":[{"href":"https:\/\/www.hollen.sk\/de\/wp-json\/wp\/v2\/pages"}],"about":[{"href":"https:\/\/www.hollen.sk\/de\/wp-json\/wp\/v2\/types\/page"}],"author":[{"embeddable":true,"href":"https:\/\/www.hollen.sk\/de\/wp-json\/wp\/v2\/users\/3"}],"replies":[{"embeddable":true,"href":"https:\/\/www.hollen.sk\/de\/wp-json\/wp\/v2\/comments?post=1829"}],"version-history":[{"count":4,"href":"https:\/\/www.hollen.sk\/de\/wp-json\/wp\/v2\/pages\/1829\/revisions"}],"predecessor-version":[{"id":5215,"href":"https:\/\/www.hollen.sk\/de\/wp-json\/wp\/v2\/pages\/1829\/revisions\/5215"}],"up":[{"embeddable":true,"href":"https:\/\/www.hollen.sk\/de\/wp-json\/wp\/v2\/pages\/1819"}],"wp:featuredmedia":[{"embeddable":true,"href":"https:\/\/www.hollen.sk\/de\/wp-json\/wp\/v2\/media\/3575"}],"wp:attachment":[{"href":"https:\/\/www.hollen.sk\/de\/wp-json\/wp\/v2\/media?parent=1829"}],"curies":[{"name":"wp","href":"https:\/\/api.w.org\/{rel}","templated":true}]}}