{"id":2015,"date":"2024-05-09T07:22:49","date_gmt":"2024-05-09T07:22:49","guid":{"rendered":"https:\/\/www.hollen.sk\/kontakty\/hollen-s-r-o-zilina\/"},"modified":"2025-10-28T09:34:31","modified_gmt":"2025-10-28T09:34:31","slug":"hollen-s-r-o-zilina","status":"publish","type":"page","link":"https:\/\/www.hollen.sk\/cs\/kontakty\/hollen-s-r-o-zilina\/","title":{"rendered":"HOLLEN s.r.o., \u017dilina"},"content":{"rendered":"<div id=\"pl-2015\"  class=\"panel-layout\" ><div id=\"pg-2015-0\"  class=\"panel-grid panel-has-style\" ><div class=\"contact-info panel-row-style panel-row-style-for-2015-0\" ><div id=\"pgc-2015-0-0\"  class=\"panel-grid-cell\" ><div id=\"panel-2015-0-0-0\" class=\"so-panel widget widget_sow-editor panel-first-child panel-last-child\" data-index=\"0\" ><div\n\t\t\t\n\t\t\tclass=\"so-widget-sow-editor so-widget-sow-editor-base\"\n\t\t\t\n\t\t>\n<div class=\"siteorigin-widget-tinymce textwidget\">\n\t<p style=\"margin-bottom: 5px;\">Hotline:<\/p>\n<h5 style=\"margin-top: 0px;\"><a href=\"tel:+421%20907%20752%20059\">+421 907 752 059<\/a><\/h5>\n<\/div>\n<\/div><\/div><\/div><div id=\"pgc-2015-0-1\"  class=\"panel-grid-cell\" ><div id=\"panel-2015-0-1-0\" class=\"so-panel widget widget_sow-editor panel-first-child panel-last-child\" data-index=\"1\" ><div\n\t\t\t\n\t\t\tclass=\"so-widget-sow-editor so-widget-sow-editor-base\"\n\t\t\t\n\t\t>\n<div class=\"siteorigin-widget-tinymce textwidget\">\n\t<p style=\"margin-bottom: 5px;\">Telefon:<\/p>\n<h5 style=\"margin-top: 0px;\"><a href=\"tel:%20+421%2041%20598%202238\">+421 41 598 2238<\/a><\/h5>\n<\/div>\n<\/div><\/div><\/div><div id=\"pgc-2015-0-2\"  class=\"panel-grid-cell\" ><div id=\"panel-2015-0-2-0\" class=\"so-panel widget widget_sow-editor panel-first-child panel-last-child\" data-index=\"2\" ><div\n\t\t\t\n\t\t\tclass=\"so-widget-sow-editor so-widget-sow-editor-base\"\n\t\t\t\n\t\t>\n<div class=\"siteorigin-widget-tinymce textwidget\">\n\t<p style=\"margin-bottom: 5px;\">Email:<\/p>\n<h5 style=\"margin-top: 0px;\"><a href=\"mailto:zilina@hollen.sk%20\">zilina@hollen.sk <\/a><\/h5>\n<\/div>\n<\/div><\/div><\/div><\/div><\/div><div id=\"pg-2015-1\"  class=\"panel-grid panel-no-style\" ><div id=\"pgc-2015-1-0\"  class=\"panel-grid-cell\" ><div id=\"panel-2015-1-0-0\" class=\"so-panel widget widget_sow-editor panel-first-child panel-last-child\" data-index=\"3\" ><div\n\t\t\t\n\t\t\tclass=\"so-widget-sow-editor so-widget-sow-editor-base\"\n\t\t\t\n\t\t>\n<div class=\"siteorigin-widget-tinymce textwidget\">\n\t<p><span class=\"hr-area\"><\/span><\/p>\n<\/div>\n<\/div><\/div><\/div><\/div><div id=\"pg-2015-2\"  class=\"panel-grid panel-has-style\" ><div class=\"contact-info panel-row-style panel-row-style-for-2015-2\" ><div id=\"pgc-2015-2-0\"  class=\"panel-grid-cell\" ><div id=\"panel-2015-2-0-0\" class=\"so-panel widget widget_sow-editor panel-first-child panel-last-child\" data-index=\"4\" ><div\n\t\t\t\n\t\t\tclass=\"so-widget-sow-editor so-widget-sow-editor-base\"\n\t\t\t\n\t\t>\n<div class=\"siteorigin-widget-tinymce textwidget\">\n\t<h6 style=\"color: #074499;\">\u0158editel pobo\u010dky<\/h6>\n<p>Matej D\u017eu\u0148a<br \/>\nMob.: <a href=\"\">+421 908 784 713 <\/a><br \/>\nEmail:  <a href=\"mailto:%20matej.dzuna@hollen.sk\">matej.dzuna@hollen.sk<\/a><\/p>\n<p><span style=\"color: #074499;\">Administrat\u00edva<\/span> <\/p>\n<p>Lenka Repanov\u00e1<br \/>\nTel.: <a href=\"tel:+421%2041%20598%2022%2038%20\">+421 41 598 22 38 <\/a><br \/>\nMob.: <a href=\"tel:+421%20905%20218%20754%20\">+421 905 218 754 <\/a><br \/>\nEmail:   <a href=\"mailto:lenka.repanova@hollen.sk\"><\/a><a href=\"mailto:lenka.repanova@hollen.sk\">lenka.repanova@hollen.sk<\/a><\/p>\n<\/div>\n<\/div><\/div><\/div><div id=\"pgc-2015-2-1\"  class=\"panel-grid-cell\" ><div id=\"panel-2015-2-1-0\" class=\"so-panel widget widget_sow-editor panel-first-child panel-last-child\" data-index=\"5\" ><div\n\t\t\t\n\t\t\tclass=\"so-widget-sow-editor so-widget-sow-editor-base\"\n\t\t\t\n\t\t>\n<div class=\"siteorigin-widget-tinymce textwidget\">\n\t<h6 style=\"color: #074499;\">P\u0159\u00edjem z\u00e1kazek<\/h6>\n<p><span style=\"color: #074499;\">Hlavn\u00ed technik<\/span> <\/p>\n<p>Matej Jakub<br \/>\nMob.: <a href=\"tel:+421%20907%20752%20059%20\">+421 907 752 059 <\/a><br \/>\nEmail:  <a href=\"mailto:matej.jakub@hollen.sk\"><\/a><a href=\"mailto:matej.jakub@hollen.sk\">matej.jakub@hollen.sk<\/a><\/p>\n<\/div>\n<\/div><\/div><\/div><div id=\"pgc-2015-2-2\"  class=\"panel-grid-cell\" ><div id=\"panel-2015-2-2-0\" class=\"so-panel widget widget_sow-editor panel-first-child panel-last-child\" data-index=\"6\" ><div\n\t\t\t\n\t\t\tclass=\"so-widget-sow-editor so-widget-sow-editor-base\"\n\t\t\t\n\t\t>\n<div class=\"siteorigin-widget-tinymce textwidget\">\n\t<h6 style=\"color: #074499;\">Kvalita<\/h6>\n<p><span style=\"color: #074499;\">Intern\u00ed aud\u00edtor kvality <\/span> <\/p>\n<p>J\u00e1n Matej\u010d\u00edk<br \/>\nMob.: <a href=\"tel:+421%20917%20661%20131%20\">+421 917 661 131 <\/a><br \/>\nEmail: <a href=\"mailto:jan.matejcik@hollen.sk\">jan.matejcik@hollen.sk <\/a>  <\/p>\n<\/div>\n<\/div><\/div><\/div><\/div><\/div><div id=\"pg-2015-3\"  class=\"panel-grid panel-no-style\" ><div id=\"pgc-2015-3-0\"  class=\"panel-grid-cell\" ><div id=\"panel-2015-3-0-0\" class=\"so-panel widget widget_sow-editor panel-first-child panel-last-child\" data-index=\"7\" ><div\n\t\t\t\n\t\t\tclass=\"so-widget-sow-editor so-widget-sow-editor-base\"\n\t\t\t\n\t\t>\n<div class=\"siteorigin-widget-tinymce textwidget\">\n\t<div style=\"width: 100%\"><iframe loading=\"lazy\" width=\"100%\" height=\"400\" frameborder=\"0\" scrolling=\"no\" marginheight=\"0\" marginwidth=\"0\" src=\"https:\/\/maps.google.com\/maps?width=520&amp;height=400&amp;hl=en&amp;q=HOLLEN%20s.r.o.%20%C5%BDilina%20New%20Haven+(HOLLEN%20s.r.o.%20%C5%BDilina)&amp;t=&amp;z=12&amp;ie=UTF8&amp;iwloc=B&amp;output=embed\"><\/iframe><\/div>\n<\/div>\n<\/div><\/div><\/div><\/div><\/div>","protected":false},"excerpt":{"rendered":"<p>Hotline: +421 907 752 059 Telefon: +421 41 598 2238 Email: zilina@hollen.sk<\/p>\n","protected":false},"author":3,"featured_media":3589,"parent":1987,"menu_order":0,"comment_status":"closed","ping_status":"closed","template":"","meta":{"_acf_changed":false,"footnotes":""},"class_list":["post-2015","page","type-page","status-publish","has-post-thumbnail","hentry"],"acf":[],"yoast_head":"<!-- This site is optimized with the Yoast SEO plugin v25.1 - https:\/\/yoast.com\/wordpress\/plugins\/seo\/ -->\n<title>HOLLEN s.r.o., \u017dilina - Hollen<\/title>\n<meta name=\"robots\" content=\"index, follow, max-snippet:-1, max-image-preview:large, max-video-preview:-1\" \/>\n<link rel=\"canonical\" href=\"https:\/\/www.hollen.sk\/cs\/kontakty\/hollen-s-r-o-zilina\/\" \/>\n<meta property=\"og:locale\" content=\"cs_CZ\" \/>\n<meta property=\"og:type\" content=\"article\" \/>\n<meta property=\"og:title\" content=\"HOLLEN s.r.o., \u017dilina - Hollen\" \/>\n<meta property=\"og:description\" content=\"Hotline: +421 907 752 059 Telefon: +421 41 598 2238 Email: zilina@hollen.sk\" \/>\n<meta property=\"og:url\" content=\"https:\/\/www.hollen.sk\/cs\/kontakty\/hollen-s-r-o-zilina\/\" \/>\n<meta property=\"og:site_name\" content=\"Hollen\" \/>\n<meta property=\"article:modified_time\" content=\"2025-10-28T09:34:31+00:00\" \/>\n<meta property=\"og:image\" content=\"https:\/\/www.hollen.sk\/wp-content\/uploads\/2024\/12\/20241204_151424-1024x768.jpg\" \/>\n\t<meta property=\"og:image:width\" content=\"1024\" \/>\n\t<meta property=\"og:image:height\" content=\"768\" \/>\n\t<meta property=\"og:image:type\" content=\"image\/jpeg\" \/>\n<meta name=\"twitter:card\" content=\"summary_large_image\" \/>\n<meta name=\"twitter:label1\" content=\"Odhadovan\u00e1 doba \u010dten\u00ed\" \/>\n\t<meta name=\"twitter:data1\" content=\"1 minuta\" \/>\n<script type=\"application\/ld+json\" class=\"yoast-schema-graph\">{\"@context\":\"https:\/\/schema.org\",\"@graph\":[{\"@type\":\"WebPage\",\"@id\":\"https:\/\/www.hollen.sk\/cs\/kontakty\/hollen-s-r-o-zilina\/\",\"url\":\"https:\/\/www.hollen.sk\/cs\/kontakty\/hollen-s-r-o-zilina\/\",\"name\":\"HOLLEN s.r.o., \u017dilina - Hollen\",\"isPartOf\":{\"@id\":\"https:\/\/www.hollen.sk\/cs\/#website\"},\"primaryImageOfPage\":{\"@id\":\"https:\/\/www.hollen.sk\/cs\/kontakty\/hollen-s-r-o-zilina\/#primaryimage\"},\"image\":{\"@id\":\"https:\/\/www.hollen.sk\/cs\/kontakty\/hollen-s-r-o-zilina\/#primaryimage\"},\"thumbnailUrl\":\"https:\/\/www.hollen.sk\/wp-content\/uploads\/2024\/12\/20241204_151424.jpg\",\"datePublished\":\"2024-05-09T07:22:49+00:00\",\"dateModified\":\"2025-10-28T09:34:31+00:00\",\"breadcrumb\":{\"@id\":\"https:\/\/www.hollen.sk\/cs\/kontakty\/hollen-s-r-o-zilina\/#breadcrumb\"},\"inLanguage\":\"cs\",\"potentialAction\":[{\"@type\":\"ReadAction\",\"target\":[\"https:\/\/www.hollen.sk\/cs\/kontakty\/hollen-s-r-o-zilina\/\"]}]},{\"@type\":\"ImageObject\",\"inLanguage\":\"cs\",\"@id\":\"https:\/\/www.hollen.sk\/cs\/kontakty\/hollen-s-r-o-zilina\/#primaryimage\",\"url\":\"https:\/\/www.hollen.sk\/wp-content\/uploads\/2024\/12\/20241204_151424.jpg\",\"contentUrl\":\"https:\/\/www.hollen.sk\/wp-content\/uploads\/2024\/12\/20241204_151424.jpg\",\"width\":4032,\"height\":3024},{\"@type\":\"BreadcrumbList\",\"@id\":\"https:\/\/www.hollen.sk\/cs\/kontakty\/hollen-s-r-o-zilina\/#breadcrumb\",\"itemListElement\":[{\"@type\":\"ListItem\",\"position\":1,\"name\":\"Domovsk\u00e1 str\u00e1nka\",\"item\":\"https:\/\/www.hollen.sk\/cs\/\"},{\"@type\":\"ListItem\",\"position\":2,\"name\":\"Kontakty\",\"item\":\"https:\/\/www.hollen.sk\/cs\/kontakty\/\"},{\"@type\":\"ListItem\",\"position\":3,\"name\":\"HOLLEN s.r.o., \u017dilina\"}]},{\"@type\":\"WebSite\",\"@id\":\"https:\/\/www.hollen.sk\/cs\/#website\",\"url\":\"https:\/\/www.hollen.sk\/cs\/\",\"name\":\"Hollen\",\"description\":\"\",\"potentialAction\":[{\"@type\":\"SearchAction\",\"target\":{\"@type\":\"EntryPoint\",\"urlTemplate\":\"https:\/\/www.hollen.sk\/cs\/?s={search_term_string}\"},\"query-input\":{\"@type\":\"PropertyValueSpecification\",\"valueRequired\":true,\"valueName\":\"search_term_string\"}}],\"inLanguage\":\"cs\"}]}<\/script>\n<!-- \/ Yoast SEO plugin. -->","yoast_head_json":{"title":"HOLLEN s.r.o., \u017dilina - Hollen","robots":{"index":"index","follow":"follow","max-snippet":"max-snippet:-1","max-image-preview":"max-image-preview:large","max-video-preview":"max-video-preview:-1"},"canonical":"https:\/\/www.hollen.sk\/cs\/kontakty\/hollen-s-r-o-zilina\/","og_locale":"cs_CZ","og_type":"article","og_title":"HOLLEN s.r.o., \u017dilina - Hollen","og_description":"Hotline: +421 907 752 059 Telefon: +421 41 598 2238 Email: zilina@hollen.sk","og_url":"https:\/\/www.hollen.sk\/cs\/kontakty\/hollen-s-r-o-zilina\/","og_site_name":"Hollen","article_modified_time":"2025-10-28T09:34:31+00:00","og_image":[{"width":1024,"height":768,"url":"https:\/\/www.hollen.sk\/wp-content\/uploads\/2024\/12\/20241204_151424-1024x768.jpg","type":"image\/jpeg"}],"twitter_card":"summary_large_image","twitter_misc":{"Odhadovan\u00e1 doba \u010dten\u00ed":"1 minuta"},"schema":{"@context":"https:\/\/schema.org","@graph":[{"@type":"WebPage","@id":"https:\/\/www.hollen.sk\/cs\/kontakty\/hollen-s-r-o-zilina\/","url":"https:\/\/www.hollen.sk\/cs\/kontakty\/hollen-s-r-o-zilina\/","name":"HOLLEN s.r.o., \u017dilina - Hollen","isPartOf":{"@id":"https:\/\/www.hollen.sk\/cs\/#website"},"primaryImageOfPage":{"@id":"https:\/\/www.hollen.sk\/cs\/kontakty\/hollen-s-r-o-zilina\/#primaryimage"},"image":{"@id":"https:\/\/www.hollen.sk\/cs\/kontakty\/hollen-s-r-o-zilina\/#primaryimage"},"thumbnailUrl":"https:\/\/www.hollen.sk\/wp-content\/uploads\/2024\/12\/20241204_151424.jpg","datePublished":"2024-05-09T07:22:49+00:00","dateModified":"2025-10-28T09:34:31+00:00","breadcrumb":{"@id":"https:\/\/www.hollen.sk\/cs\/kontakty\/hollen-s-r-o-zilina\/#breadcrumb"},"inLanguage":"cs","potentialAction":[{"@type":"ReadAction","target":["https:\/\/www.hollen.sk\/cs\/kontakty\/hollen-s-r-o-zilina\/"]}]},{"@type":"ImageObject","inLanguage":"cs","@id":"https:\/\/www.hollen.sk\/cs\/kontakty\/hollen-s-r-o-zilina\/#primaryimage","url":"https:\/\/www.hollen.sk\/wp-content\/uploads\/2024\/12\/20241204_151424.jpg","contentUrl":"https:\/\/www.hollen.sk\/wp-content\/uploads\/2024\/12\/20241204_151424.jpg","width":4032,"height":3024},{"@type":"BreadcrumbList","@id":"https:\/\/www.hollen.sk\/cs\/kontakty\/hollen-s-r-o-zilina\/#breadcrumb","itemListElement":[{"@type":"ListItem","position":1,"name":"Domovsk\u00e1 str\u00e1nka","item":"https:\/\/www.hollen.sk\/cs\/"},{"@type":"ListItem","position":2,"name":"Kontakty","item":"https:\/\/www.hollen.sk\/cs\/kontakty\/"},{"@type":"ListItem","position":3,"name":"HOLLEN s.r.o., \u017dilina"}]},{"@type":"WebSite","@id":"https:\/\/www.hollen.sk\/cs\/#website","url":"https:\/\/www.hollen.sk\/cs\/","name":"Hollen","description":"","potentialAction":[{"@type":"SearchAction","target":{"@type":"EntryPoint","urlTemplate":"https:\/\/www.hollen.sk\/cs\/?s={search_term_string}"},"query-input":{"@type":"PropertyValueSpecification","valueRequired":true,"valueName":"search_term_string"}}],"inLanguage":"cs"}]}},"_links":{"self":[{"href":"https:\/\/www.hollen.sk\/cs\/wp-json\/wp\/v2\/pages\/2015","targetHints":{"allow":["GET"]}}],"collection":[{"href":"https:\/\/www.hollen.sk\/cs\/wp-json\/wp\/v2\/pages"}],"about":[{"href":"https:\/\/www.hollen.sk\/cs\/wp-json\/wp\/v2\/types\/page"}],"author":[{"embeddable":true,"href":"https:\/\/www.hollen.sk\/cs\/wp-json\/wp\/v2\/users\/3"}],"replies":[{"embeddable":true,"href":"https:\/\/www.hollen.sk\/cs\/wp-json\/wp\/v2\/comments?post=2015"}],"version-history":[{"count":6,"href":"https:\/\/www.hollen.sk\/cs\/wp-json\/wp\/v2\/pages\/2015\/revisions"}],"predecessor-version":[{"id":5252,"href":"https:\/\/www.hollen.sk\/cs\/wp-json\/wp\/v2\/pages\/2015\/revisions\/5252"}],"up":[{"embeddable":true,"href":"https:\/\/www.hollen.sk\/cs\/wp-json\/wp\/v2\/pages\/1987"}],"wp:featuredmedia":[{"embeddable":true,"href":"https:\/\/www.hollen.sk\/cs\/wp-json\/wp\/v2\/media\/3589"}],"wp:attachment":[{"href":"https:\/\/www.hollen.sk\/cs\/wp-json\/wp\/v2\/media?parent=2015"}],"curies":[{"name":"wp","href":"https:\/\/api.w.org\/{rel}","templated":true}]}}