{"id":1893,"date":"2024-04-29T05:13:21","date_gmt":"2024-04-29T05:13:21","guid":{"rendered":"https:\/\/www.hollen.sk\/uvod\/"},"modified":"2024-11-15T10:54:54","modified_gmt":"2024-11-15T10:54:54","slug":"uvod","status":"publish","type":"page","link":"https:\/\/www.hollen.sk\/cs\/","title":{"rendered":"Home"},"content":{"rendered":"<div id=\"pl-gb1893-69e32d6a441a5\"  class=\"panel-layout\" ><div id=\"pg-gb1893-69e32d6a441a5-0\"  class=\"panel-grid panel-has-style\" ><div class=\"siteorigin-panels-stretch panel-row-style panel-row-style-for-gb1893-69e32d6a441a5-0\" data-stretch-type=\"full\" ><div id=\"pgc-gb1893-69e32d6a441a5-0-0\"  class=\"panel-grid-cell\" ><div id=\"panel-gb1893-69e32d6a441a5-0-0-0\" class=\"so-panel widget widget_sow-editor panel-first-child\" data-index=\"0\" ><div\n\t\t\t\n\t\t\tclass=\"so-widget-sow-editor so-widget-sow-editor-base\"\n\t\t\t\n\t\t>\n<div class=\"siteorigin-widget-tinymce textwidget\">\n\t<h2>Garance<br \/>\nkvalitn\u00ed slu\u017eby<\/h2>\n<\/div>\n<\/div><\/div><div id=\"panel-gb1893-69e32d6a441a5-0-0-1\" class=\"so-panel widget widget_siteorigin-panels-builder panel-last-child\" data-index=\"1\" ><div id=\"pl-w67370264d9ea1\"  class=\"panel-layout\" ><div id=\"pg-w67370264d9ea1-0\"  class=\"panel-grid panel-no-style\" ><div id=\"pgc-w67370264d9ea1-0-0\"  class=\"panel-grid-cell\" ><div id=\"panel-w67370264d9ea1-0-0-0\" class=\"so-panel widget widget_sow-image panel-first-child panel-last-child\" data-index=\"0\" ><div class=\"panel-widget-style panel-widget-style-for-w67370264d9ea1-0-0-0\" ><div\n\t\t\t\n\t\t\tclass=\"so-widget-sow-image so-widget-sow-image-default-8b5b6f678277\"\n\t\t\t\n\t\t>\n<div class=\"sow-image-container\">\n\t\t<img \n\tsrc=\"https:\/\/www.hollen.sk\/wp-content\/uploads\/2024\/05\/Group-1704.svg\" title=\"Group 1704\" alt=\"\" \t\tclass=\"so-widget-image\"\/>\n\t<\/div>\n\n<\/div><\/div><\/div><\/div><div id=\"pgc-w67370264d9ea1-0-1\"  class=\"panel-grid-cell\" ><div id=\"panel-w67370264d9ea1-0-1-0\" class=\"so-panel widget widget_sow-editor panel-first-child panel-last-child\" data-index=\"1\" ><div\n\t\t\t\n\t\t\tclass=\"so-widget-sow-editor so-widget-sow-editor-base\"\n\t\t\t\n\t\t>\n<div class=\"siteorigin-widget-tinymce textwidget\">\n\t<p>Doba odezvy max. 1 hodina a zah\u00e1jen\u00ed realizace do 2 hodin 24\/7\/365<\/p>\n<\/div>\n<\/div><\/div><\/div><\/div><div id=\"pg-w67370264d9ea1-1\"  class=\"panel-grid panel-no-style\" ><div id=\"pgc-w67370264d9ea1-1-0\"  class=\"panel-grid-cell\" ><div id=\"panel-w67370264d9ea1-1-0-0\" class=\"so-panel widget widget_sow-image panel-first-child panel-last-child\" data-index=\"2\" ><div class=\"panel-widget-style panel-widget-style-for-w67370264d9ea1-1-0-0\" ><div\n\t\t\t\n\t\t\tclass=\"so-widget-sow-image so-widget-sow-image-default-8b5b6f678277\"\n\t\t\t\n\t\t>\n<div class=\"sow-image-container\">\n\t\t<img \n\tsrc=\"https:\/\/www.hollen.sk\/wp-content\/uploads\/2024\/05\/Group-1703.svg\" title=\"Group 1703\" alt=\"\" \t\tclass=\"so-widget-image\"\/>\n\t<\/div>\n\n<\/div><\/div><\/div><\/div><div id=\"pgc-w67370264d9ea1-1-1\"  class=\"panel-grid-cell\" ><div id=\"panel-w67370264d9ea1-1-1-0\" class=\"so-panel widget widget_sow-editor panel-first-child panel-last-child\" data-index=\"3\" ><div\n\t\t\t\n\t\t\tclass=\"so-widget-sow-editor so-widget-sow-editor-base\"\n\t\t\t\n\t\t>\n<div class=\"siteorigin-widget-tinymce textwidget\">\n\t<p>Zlep\u0161en\u00ed kvality pr\u00e1ce p\u0159edkl\u00e1dan\u00e9 intern\u011b vy\u0161kolen\u00fdmi auditory VDA 6.3<\/p>\n<\/div>\n<\/div><\/div><\/div><\/div><div id=\"pg-w67370264d9ea1-2\"  class=\"panel-grid panel-no-style\" ><div id=\"pgc-w67370264d9ea1-2-0\"  class=\"panel-grid-cell\" ><div id=\"panel-w67370264d9ea1-2-0-0\" class=\"so-panel widget widget_sow-image panel-first-child panel-last-child\" data-index=\"4\" ><div class=\"panel-widget-style panel-widget-style-for-w67370264d9ea1-2-0-0\" ><div\n\t\t\t\n\t\t\tclass=\"so-widget-sow-image so-widget-sow-image-default-8b5b6f678277\"\n\t\t\t\n\t\t>\n<div class=\"sow-image-container\">\n\t\t<img \n\tsrc=\"https:\/\/www.hollen.sk\/wp-content\/uploads\/2024\/05\/Group-1706.svg\" title=\"Group 1706\" alt=\"\" \t\tclass=\"so-widget-image\"\/>\n\t<\/div>\n\n<\/div><\/div><\/div><\/div><div id=\"pgc-w67370264d9ea1-2-1\"  class=\"panel-grid-cell\" ><div id=\"panel-w67370264d9ea1-2-1-0\" class=\"so-panel widget widget_sow-editor panel-first-child panel-last-child\" data-index=\"5\" ><div\n\t\t\t\n\t\t\tclass=\"so-widget-sow-editor so-widget-sow-editor-base\"\n\t\t\t\n\t\t>\n<div class=\"siteorigin-widget-tinymce textwidget\">\n\t<p>Jedine\u010dn\u00e9 zku\u0161enosti s provozem Warenfilteru pro VW Slovakia a \u0160koda Auto<\/p>\n<\/div>\n<\/div><\/div><\/div><\/div><div id=\"pg-w67370264d9ea1-3\"  class=\"panel-grid panel-no-style\" ><div id=\"pgc-w67370264d9ea1-3-0\"  class=\"panel-grid-cell\" ><div id=\"panel-w67370264d9ea1-3-0-0\" class=\"so-panel widget widget_sow-image panel-first-child panel-last-child\" data-index=\"6\" ><div class=\"panel-widget-style panel-widget-style-for-w67370264d9ea1-3-0-0\" ><div\n\t\t\t\n\t\t\tclass=\"so-widget-sow-image so-widget-sow-image-default-8b5b6f678277\"\n\t\t\t\n\t\t>\n<div class=\"sow-image-container\">\n\t\t<img \n\tsrc=\"https:\/\/www.hollen.sk\/wp-content\/uploads\/2024\/05\/Group-1632.svg\" title=\"Group 1632\" alt=\"\" \t\tclass=\"so-widget-image\"\/>\n\t<\/div>\n\n<\/div><\/div><\/div><\/div><div id=\"pgc-w67370264d9ea1-3-1\"  class=\"panel-grid-cell\" ><div id=\"panel-w67370264d9ea1-3-1-0\" class=\"so-panel widget widget_sow-editor panel-first-child panel-last-child\" data-index=\"7\" ><div\n\t\t\t\n\t\t\tclass=\"so-widget-sow-editor so-widget-sow-editor-base\"\n\t\t\t\n\t\t>\n<div class=\"siteorigin-widget-tinymce textwidget\">\n\t<p>Vlastn\u00ed vy\u0161kolen\u00fd t\u00fdm v\u00edce ne\u017e 90 technik\u016f a koordin\u00e1tor\u016f a 600 zam\u011bstnanc\u016f.<\/p>\n<\/div>\n<\/div><\/div><\/div><\/div><div id=\"pg-w67370264d9ea1-4\"  class=\"panel-grid panel-no-style\" ><div id=\"pgc-w67370264d9ea1-4-0\"  class=\"panel-grid-cell\" ><div id=\"panel-w67370264d9ea1-4-0-0\" class=\"so-panel widget widget_sow-image panel-first-child panel-last-child\" data-index=\"8\" ><div class=\"panel-widget-style panel-widget-style-for-w67370264d9ea1-4-0-0\" ><div\n\t\t\t\n\t\t\tclass=\"so-widget-sow-image so-widget-sow-image-default-8b5b6f678277\"\n\t\t\t\n\t\t>\n<div class=\"sow-image-container\">\n\t\t<img \n\tsrc=\"https:\/\/www.hollen.sk\/wp-content\/uploads\/2024\/05\/Group-1768-1.svg\" title=\"Group 1768\" alt=\"\" \t\tclass=\"so-widget-image\"\/>\n\t<\/div>\n\n<\/div><\/div><\/div><\/div><div id=\"pgc-w67370264d9ea1-4-1\"  class=\"panel-grid-cell\" ><div id=\"panel-w67370264d9ea1-4-1-0\" class=\"so-panel widget widget_sow-editor panel-first-child panel-last-child\" data-index=\"9\" ><div\n\t\t\t\n\t\t\tclass=\"so-widget-sow-editor so-widget-sow-editor-base\"\n\t\t\t\n\t\t>\n<div class=\"siteorigin-widget-tinymce textwidget\">\n\t<p>Poskytnut\u00ed pracovn\u00edho vybaven\u00ed, n\u00e1stroj\u016f a materi\u00e1l\u016f<\/p>\n<\/div>\n<\/div><\/div><\/div><\/div><div id=\"pg-w67370264d9ea1-5\"  class=\"panel-grid panel-no-style\" ><div id=\"pgc-w67370264d9ea1-5-0\"  class=\"panel-grid-cell\" ><div id=\"panel-w67370264d9ea1-5-0-0\" class=\"so-panel widget widget_sow-image panel-first-child panel-last-child\" data-index=\"10\" ><div class=\"panel-widget-style panel-widget-style-for-w67370264d9ea1-5-0-0\" ><div\n\t\t\t\n\t\t\tclass=\"so-widget-sow-image so-widget-sow-image-default-8b5b6f678277\"\n\t\t\t\n\t\t>\n<div class=\"sow-image-container\">\n\t\t<img \n\tsrc=\"https:\/\/www.hollen.sk\/wp-content\/uploads\/2024\/05\/Group-1705.svg\" title=\"Group 1705\" alt=\"\" \t\tclass=\"so-widget-image\"\/>\n\t<\/div>\n\n<\/div><\/div><\/div><\/div><div id=\"pgc-w67370264d9ea1-5-1\"  class=\"panel-grid-cell\" ><div id=\"panel-w67370264d9ea1-5-1-0\" class=\"so-panel widget widget_sow-editor panel-first-child panel-last-child\" data-index=\"11\" ><div\n\t\t\t\n\t\t\tclass=\"so-widget-sow-editor so-widget-sow-editor-base\"\n\t\t\t\n\t\t>\n<div class=\"siteorigin-widget-tinymce textwidget\">\n\t<p>P\u0159\u00edprava standardn\u00edch zpr\u00e1v a specifick\u00fdch statistick\u00fdch v\u00fdstup\u016f<\/p>\n<\/div>\n<\/div><\/div><\/div><\/div><\/div><\/div><\/div><div id=\"pgc-gb1893-69e32d6a441a5-0-1\"  class=\"panel-grid-cell\" ><div id=\"panel-gb1893-69e32d6a441a5-0-1-0\" class=\"so-panel widget widget_sow-image panel-first-child panel-last-child\" data-index=\"2\" ><div\n\t\t\t\n\t\t\tclass=\"so-widget-sow-image so-widget-sow-image-default-8b5b6f678277-1893\"\n\t\t\t\n\t\t>\n<div class=\"sow-image-container\">\n\t\t<img \n\tsrc=\"https:\/\/www.hollen.sk\/wp-content\/uploads\/2024\/05\/DAD_5940.png\" width=\"1251\" height=\"1254\" srcset=\"https:\/\/www.hollen.sk\/wp-content\/uploads\/2024\/05\/DAD_5940.png 1251w, https:\/\/www.hollen.sk\/wp-content\/uploads\/2024\/05\/DAD_5940-300x300.png 300w, https:\/\/www.hollen.sk\/wp-content\/uploads\/2024\/05\/DAD_5940-1022x1024.png 1022w, https:\/\/www.hollen.sk\/wp-content\/uploads\/2024\/05\/DAD_5940-150x150.png 150w, https:\/\/www.hollen.sk\/wp-content\/uploads\/2024\/05\/DAD_5940-768x770.png 768w, https:\/\/www.hollen.sk\/wp-content\/uploads\/2024\/05\/DAD_5940-480x481.png 480w, https:\/\/www.hollen.sk\/wp-content\/uploads\/2024\/05\/DAD_5940-992x994.png 992w, https:\/\/www.hollen.sk\/wp-content\/uploads\/2024\/05\/DAD_5940-1200x1203.png 1200w\" sizes=\"(max-width: 1251px) 100vw, 1251px\" alt=\"\" \t\tclass=\"so-widget-image\"\/>\n\t<\/div>\n\n<\/div><\/div><\/div><\/div><\/div><\/div>","protected":false},"excerpt":{"rendered":"<p>Garance kvalitn\u00ed slu\u017eby<\/p>\n","protected":false},"author":1,"featured_media":0,"parent":0,"menu_order":0,"comment_status":"closed","ping_status":"closed","template":"page-home.php","meta":{"_acf_changed":false,"footnotes":""},"class_list":["post-1893","page","type-page","status-publish","hentry"],"acf":[],"yoast_head":"<!-- This site is optimized with the Yoast SEO plugin v25.1 - https:\/\/yoast.com\/wordpress\/plugins\/seo\/ -->\n<title>Home - Hollen<\/title>\n<meta name=\"robots\" content=\"index, follow, max-snippet:-1, max-image-preview:large, max-video-preview:-1\" \/>\n<link rel=\"canonical\" href=\"https:\/\/www.hollen.sk\/cs\/\" \/>\n<meta property=\"og:locale\" content=\"cs_CZ\" \/>\n<meta property=\"og:type\" content=\"article\" \/>\n<meta property=\"og:title\" content=\"Home - Hollen\" \/>\n<meta property=\"og:description\" content=\"Garance kvalitn\u00ed slu\u017eby\" \/>\n<meta property=\"og:url\" content=\"https:\/\/www.hollen.sk\/cs\/\" \/>\n<meta property=\"og:site_name\" content=\"Hollen\" \/>\n<meta property=\"article:modified_time\" content=\"2024-11-15T10:54:54+00:00\" \/>\n<meta name=\"twitter:card\" content=\"summary_large_image\" \/>\n<meta name=\"twitter:label1\" content=\"Odhadovan\u00e1 doba \u010dten\u00ed\" \/>\n\t<meta name=\"twitter:data1\" content=\"4 minuty\" \/>\n<script type=\"application\/ld+json\" class=\"yoast-schema-graph\">{\"@context\":\"https:\/\/schema.org\",\"@graph\":[{\"@type\":\"WebPage\",\"@id\":\"https:\/\/www.hollen.sk\/cs\/\",\"url\":\"https:\/\/www.hollen.sk\/cs\/\",\"name\":\"Home - Hollen\",\"isPartOf\":{\"@id\":\"https:\/\/www.hollen.sk\/cs\/#website\"},\"datePublished\":\"2024-04-29T05:13:21+00:00\",\"dateModified\":\"2024-11-15T10:54:54+00:00\",\"breadcrumb\":{\"@id\":\"https:\/\/www.hollen.sk\/cs\/#breadcrumb\"},\"inLanguage\":\"cs\",\"potentialAction\":[{\"@type\":\"ReadAction\",\"target\":[\"https:\/\/www.hollen.sk\/cs\/\"]}]},{\"@type\":\"BreadcrumbList\",\"@id\":\"https:\/\/www.hollen.sk\/cs\/#breadcrumb\",\"itemListElement\":[{\"@type\":\"ListItem\",\"position\":1,\"name\":\"Domovsk\u00e1 str\u00e1nka\",\"item\":\"https:\/\/www.hollen.sk\/cs\/\"},{\"@type\":\"ListItem\",\"position\":2,\"name\":\"Home\"}]},{\"@type\":\"WebSite\",\"@id\":\"https:\/\/www.hollen.sk\/cs\/#website\",\"url\":\"https:\/\/www.hollen.sk\/cs\/\",\"name\":\"Hollen\",\"description\":\"\",\"potentialAction\":[{\"@type\":\"SearchAction\",\"target\":{\"@type\":\"EntryPoint\",\"urlTemplate\":\"https:\/\/www.hollen.sk\/cs\/?s={search_term_string}\"},\"query-input\":{\"@type\":\"PropertyValueSpecification\",\"valueRequired\":true,\"valueName\":\"search_term_string\"}}],\"inLanguage\":\"cs\"}]}<\/script>\n<!-- \/ Yoast SEO plugin. -->","yoast_head_json":{"title":"Home - Hollen","robots":{"index":"index","follow":"follow","max-snippet":"max-snippet:-1","max-image-preview":"max-image-preview:large","max-video-preview":"max-video-preview:-1"},"canonical":"https:\/\/www.hollen.sk\/cs\/","og_locale":"cs_CZ","og_type":"article","og_title":"Home - Hollen","og_description":"Garance kvalitn\u00ed slu\u017eby","og_url":"https:\/\/www.hollen.sk\/cs\/","og_site_name":"Hollen","article_modified_time":"2024-11-15T10:54:54+00:00","twitter_card":"summary_large_image","twitter_misc":{"Odhadovan\u00e1 doba \u010dten\u00ed":"4 minuty"},"schema":{"@context":"https:\/\/schema.org","@graph":[{"@type":"WebPage","@id":"https:\/\/www.hollen.sk\/cs\/","url":"https:\/\/www.hollen.sk\/cs\/","name":"Home - Hollen","isPartOf":{"@id":"https:\/\/www.hollen.sk\/cs\/#website"},"datePublished":"2024-04-29T05:13:21+00:00","dateModified":"2024-11-15T10:54:54+00:00","breadcrumb":{"@id":"https:\/\/www.hollen.sk\/cs\/#breadcrumb"},"inLanguage":"cs","potentialAction":[{"@type":"ReadAction","target":["https:\/\/www.hollen.sk\/cs\/"]}]},{"@type":"BreadcrumbList","@id":"https:\/\/www.hollen.sk\/cs\/#breadcrumb","itemListElement":[{"@type":"ListItem","position":1,"name":"Domovsk\u00e1 str\u00e1nka","item":"https:\/\/www.hollen.sk\/cs\/"},{"@type":"ListItem","position":2,"name":"Home"}]},{"@type":"WebSite","@id":"https:\/\/www.hollen.sk\/cs\/#website","url":"https:\/\/www.hollen.sk\/cs\/","name":"Hollen","description":"","potentialAction":[{"@type":"SearchAction","target":{"@type":"EntryPoint","urlTemplate":"https:\/\/www.hollen.sk\/cs\/?s={search_term_string}"},"query-input":{"@type":"PropertyValueSpecification","valueRequired":true,"valueName":"search_term_string"}}],"inLanguage":"cs"}]}},"_links":{"self":[{"href":"https:\/\/www.hollen.sk\/cs\/wp-json\/wp\/v2\/pages\/1893","targetHints":{"allow":["GET"]}}],"collection":[{"href":"https:\/\/www.hollen.sk\/cs\/wp-json\/wp\/v2\/pages"}],"about":[{"href":"https:\/\/www.hollen.sk\/cs\/wp-json\/wp\/v2\/types\/page"}],"author":[{"embeddable":true,"href":"https:\/\/www.hollen.sk\/cs\/wp-json\/wp\/v2\/users\/1"}],"replies":[{"embeddable":true,"href":"https:\/\/www.hollen.sk\/cs\/wp-json\/wp\/v2\/comments?post=1893"}],"version-history":[{"count":27,"href":"https:\/\/www.hollen.sk\/cs\/wp-json\/wp\/v2\/pages\/1893\/revisions"}],"predecessor-version":[{"id":3443,"href":"https:\/\/www.hollen.sk\/cs\/wp-json\/wp\/v2\/pages\/1893\/revisions\/3443"}],"wp:attachment":[{"href":"https:\/\/www.hollen.sk\/cs\/wp-json\/wp\/v2\/media?parent=1893"}],"curies":[{"name":"wp","href":"https:\/\/api.w.org\/{rel}","templated":true}]}}